{"id":2148,"date":"2017-08-14T23:24:44","date_gmt":"2017-08-14T21:24:44","guid":{"rendered":"https:\/\/www.sgda.ch\/?page_id=2148"},"modified":"2017-08-17T10:46:35","modified_gmt":"2017-08-17T08:46:35","slug":"cinq","status":"publish","type":"page","link":"https:\/\/www.sgda.ch\/it\/cinq\/","title":{"rendered":"La SGDA c\u00e9l\u00e8bre son 5\u00e8me anniversaire et offre plus de 1000 jeux vid\u00e9o suisses"},"content":{"rendered":"<p>La Swiss Game Developers Association (SGDA) c\u00e9l\u00e8bre son 5\u00e8me anniversaire le 17 ao\u00fbt 2017. Pour cette occasion les d\u00e9veloppeuses et d\u00e9veloppeurs suisses de jeu offreront plus de 1000 jeux vid\u00e9o produits en Suisse.<\/p>\n<p>[wpc_countdown theme=&#8221;flat-colors&#8221; now=&#8221;1502744400436&#8243; end=&#8221;63&#8243; bg=&#8221;#fff&#8221; padding=&#8221;5&#8243;]<\/p>\n<h3>Le 17 ao\u00fbt \u00e0 14:00 heures<\/h3>\n<h3><strong>AirConsole<\/strong><\/h3>\n<p><iframe title=\"AirConsole - A new way to play games with friends\" width=\"1200\" height=\"675\" src=\"https:\/\/www.youtube.com\/embed\/4CuN1XxLrrA?feature=oembed\" frameborder=\"0\" allow=\"accelerometer; autoplay; encrypted-media; gyroscope; picture-in-picture\" allowfullscreen><\/iframe><\/p>\n<h3><strong>Airships<\/strong><\/h3>\n<p><iframe title=\"Airships: Conquer the Skies Trailer\" width=\"1200\" height=\"675\" src=\"https:\/\/www.youtube.com\/embed\/CpKfFgzuWLQ?feature=oembed\" frameborder=\"0\" allow=\"accelerometer; autoplay; encrypted-media; gyroscope; picture-in-picture\" allowfullscreen><\/iframe><\/p>\n<h3><strong>A nifty game<\/strong><\/h3>\n<p><iframe title=\"a nifty trailer\" width=\"1200\" height=\"675\" src=\"https:\/\/www.youtube.com\/embed\/1XnvpYn44HI?feature=oembed\" frameborder=\"0\" allow=\"accelerometer; autoplay; encrypted-media; gyroscope; picture-in-picture\" allowfullscreen><\/iframe><\/p>\n<h3><strong>Conran \u2013 The dinky Raccoon<\/strong><\/h3>\n<p><iframe title=\"Conran - The dinky Raccoon Steam Trailer\" width=\"1200\" height=\"675\" src=\"https:\/\/www.youtube.com\/embed\/zDFHD6ml-dg?feature=oembed\" frameborder=\"0\" allow=\"accelerometer; autoplay; encrypted-media; gyroscope; picture-in-picture\" allowfullscreen><\/iframe><\/p>\n<h3><strong>Crossbow Warrior \u2013 the legend of William Tell<\/strong><\/h3>\n<p><iframe title=\"Crossbow Warrior \u2013 Gameplay Trailer STEAM PC\/MAC-Version\" width=\"1200\" height=\"675\" src=\"https:\/\/www.youtube.com\/embed\/yumiyo2C1OY?feature=oembed\" frameborder=\"0\" allow=\"accelerometer; autoplay; encrypted-media; gyroscope; picture-in-picture\" allowfullscreen><\/iframe><\/p>\n<h3><strong>Feist<\/strong><\/h3>\n<p><iframe title=\"Feist Release Trailer\" width=\"1200\" height=\"675\" src=\"https:\/\/www.youtube.com\/embed\/jOi2SNPoQHU?feature=oembed\" frameborder=\"0\" allow=\"accelerometer; autoplay; encrypted-media; gyroscope; picture-in-picture\" allowfullscreen><\/iframe><\/p>\n<h3><strong>First Strike<\/strong><\/h3>\n<p><iframe title=\"First Strike: Final Hour - Teaser Trailer\" width=\"1200\" height=\"675\" src=\"https:\/\/www.youtube.com\/embed\/mBFBinQWHMM?feature=oembed\" frameborder=\"0\" allow=\"accelerometer; autoplay; encrypted-media; gyroscope; picture-in-picture\" allowfullscreen><\/iframe><\/p>\n<h3><strong>Niche &#8211; a genetics survival game<\/strong><\/h3>\n<p><iframe title=\"Niche - a genetics survival game\" width=\"1200\" height=\"675\" src=\"https:\/\/www.youtube.com\/embed\/Y0wSDpZodvI?feature=oembed\" frameborder=\"0\" allow=\"accelerometer; autoplay; encrypted-media; gyroscope; picture-in-picture\" allowfullscreen><\/iframe><\/p>\n<h3><strong>Plug &amp; Play<\/strong><\/h3>\n<p><iframe title=\"PLUG &amp; PLAY\" src=\"https:\/\/player.vimeo.com\/video\/118453180?dnt=1&#038;app_id=122963\" width=\"1200\" height=\"675\" frameborder=\"0\" allow=\"autoplay; fullscreen\" allowfullscreen><\/iframe><\/p>\n<h3><strong>Slime-san<\/strong><\/h3>\n<p><iframe title=\"Slime-san: Main Trailer!\" width=\"1200\" height=\"675\" src=\"https:\/\/www.youtube.com\/embed\/-kHf02eAvn4?feature=oembed\" frameborder=\"0\" allow=\"accelerometer; autoplay; encrypted-media; gyroscope; picture-in-picture\" allowfullscreen><\/iframe><\/p>\n<h3><strong>The Firm<\/strong><\/h3>\n<p>https:\/\/vimeo.com\/119526025<\/p>\n<h3><strong>Transport Fever<\/strong><\/h3>\n<p><iframe title=\"Transport Fever - Launch Trailer (Deutsch)\" width=\"1200\" height=\"675\" src=\"https:\/\/www.youtube.com\/embed\/TBqrgX42hvA?feature=oembed\" frameborder=\"0\" allow=\"accelerometer; autoplay; encrypted-media; gyroscope; picture-in-picture\" allowfullscreen><\/iframe><\/p>\n","protected":false},"excerpt":{"rendered":"<p>La Swiss Game Developers Association (SGDA) c\u00e9l\u00e8bre son 5\u00e8me anniversaire le 17 ao\u00fbt 2017. Pour cette occasion les d\u00e9veloppeuses et d\u00e9veloppeurs suisses de jeu offreront plus de 1000 jeux vid\u00e9o produits en Suisse. [wpc_countdown theme=&#8221;flat-colors&#8221; now=&#8221;1502744400436&#8243; end=&#8221;63&#8243; bg=&#8221;#fff&#8221; padding=&#8221;5&#8243;] Le 17 ao\u00fbt \u00e0 14:00 heures AirConsole Airships A nifty game Conran \u2013 The dinky Raccoon &#8230; <a title=\"La SGDA c\u00e9l\u00e8bre son 5\u00e8me anniversaire et offre plus de 1000 jeux vid\u00e9o suisses\" class=\"read-more\" href=\"https:\/\/www.sgda.ch\/it\/cinq\/\" aria-label=\"More on La SGDA c\u00e9l\u00e8bre son 5\u00e8me anniversaire et offre plus de 1000 jeux vid\u00e9o suisses\">Read more<\/a><\/p>\n","protected":false},"author":1,"featured_media":0,"parent":0,"menu_order":0,"comment_status":"closed","ping_status":"closed","template":"","meta":{"pmpro_default_level":"","_price":"","_stock":"","_tribe_ticket_header":"","_tribe_default_ticket_provider":"","_tribe_ticket_capacity":"0","_ticket_start_date":"","_ticket_end_date":"","_tribe_ticket_show_description":"","_tribe_ticket_show_not_going":false,"_tribe_ticket_use_global_stock":"","_tribe_ticket_global_stock_level":"","_global_stock_mode":"","_global_stock_cap":"","_tribe_rsvp_for_event":"","_tribe_ticket_going_count":"","_tribe_ticket_not_going_count":"","_tribe_tickets_list":"[]","_tribe_ticket_has_attendee_info_fields":false,"footnotes":"","_tec_slr_enabled":"","_tec_slr_layout":""},"class_list":{"0":"post-2148","1":"page","2":"type-page","3":"status-publish","5":"pmpro-has-access"},"aioseo_notices":[],"ticketed":false,"_links":{"self":[{"href":"https:\/\/www.sgda.ch\/it\/wp-json\/wp\/v2\/pages\/2148","targetHints":{"allow":["GET"]}}],"collection":[{"href":"https:\/\/www.sgda.ch\/it\/wp-json\/wp\/v2\/pages"}],"about":[{"href":"https:\/\/www.sgda.ch\/it\/wp-json\/wp\/v2\/types\/page"}],"author":[{"embeddable":true,"href":"https:\/\/www.sgda.ch\/it\/wp-json\/wp\/v2\/users\/1"}],"replies":[{"embeddable":true,"href":"https:\/\/www.sgda.ch\/it\/wp-json\/wp\/v2\/comments?post=2148"}],"version-history":[{"count":0,"href":"https:\/\/www.sgda.ch\/it\/wp-json\/wp\/v2\/pages\/2148\/revisions"}],"wp:attachment":[{"href":"https:\/\/www.sgda.ch\/it\/wp-json\/wp\/v2\/media?parent=2148"}],"curies":[{"name":"wp","href":"https:\/\/api.w.org\/{rel}","templated":true}]}}