{"id":1432,"date":"2016-10-28T11:53:46","date_gmt":"2016-10-28T09:53:46","guid":{"rendered":"https:\/\/www.sgda.ch\/?page_id=1432"},"modified":"2024-06-03T15:43:09","modified_gmt":"2024-06-03T13:43:09","slug":"benefici-membri","status":"publish","type":"page","link":"https:\/\/www.sgda.ch\/it\/benefici-membri\/","title":{"rendered":"Benefici per i membri"},"content":{"rendered":"<p><b>Diventando membro investi nell\u2019industria svizzera dei videogiochi aiutando i videogiochi in Svizzera in generale.<\/b><\/p>\n<ul>\n<li>Fai s\u00ec che la SGDA possa agire in quanto <strong>rappresentante dei creatori di videogiochi in Svizzera<\/strong>. Con pi\u00f9 di 300 membri siamo l\u2019associazione pi\u00f9 importante in questo ambito. Pi\u00f9 siamo e pi\u00f9 diventiamo forti, e pi\u00f9 possiamo influenzare la politica, l\u2019opinione pubblica riguardante i videogiochi e la loro cultura nonch\u00e9 le possibilit\u00e0 che gli sviluppatori di videogiochi hanno nel nostro paese.<\/li>\n<li>\u00c8 possibile ottenere <strong>polizze assicurative<\/strong> competitive grazie alla nostra partnership con <a href=\"https:\/\/fairsicherung.ch\/\" target=\"_blank\" rel=\"noopener noreferrer\">Fairsicherung<\/a>.<\/li>\n<li>Puoi ottenere una <strong>consulenza legale<\/strong> come membro individuale, professionale o istituzionale grazie alla nostra partnership con <a href=\"http:\/\/kellerhals-carrard.ch\" target=\"_blank\" rel=\"noopener\">Kellerhals Carrard<\/a>.<\/li>\n<li>Puoi <strong>partecipare allo Swiss Game Award gratuitamente o a condizioni eccellenti\u00a0<\/strong>(nota capacit\u00e0 limitata). La SGDA ha creato il primo premio dell\u2019industria dei videogiochi in Svizzera che onora l\u2019eccellenza dei videogiochi svizzeri.<\/li>\n<li>Sostieni<strong> i pi\u00f9 giovani talenti<\/strong> nella nostra industria. Abbiamo iniziato partenariati con Informatiktage, la Giornata \u201cNuovo Futuro\u201d e l\u2019organizzazione del<strong> Student Swiss Game Awards<\/strong>.<\/li>\n<li>Come membro ricevi <strong>visibilit\u00e0<\/strong>\n<ul>\n<li>Attraverso\u00a0stand a vari festival<\/li>\n<li>Attraverso\u00a0la presentazione di videogiochi svizzeri presso editori e conferenze<\/li>\n<li>Attraverso\u00a0<strong>partenariati con organizzazioni<\/strong> come Fantoche, Fantasy Basel stretti legami con altre istituzioni svizzere come Pro Helvetia et SuisseCulture.<\/li>\n<li>Attraverso\u00a0i nostri canali digitali. Grazie alle nostre attivit\u00e0 pubbliche e mediali, il sito internet della SGDA \u00e8 <strong>la presenza web di prima linea<\/strong> nell\u2019ambito della creazione di videogiochi svizzeri. Il sito ti d\u00e0<strong> visibilit\u00e0\u00a0attraverso\u00a0il nostro elenco dei membri<\/strong>. Le nostre presenze su LinkedIn, X e Facebook nonch\u00e9 le nostre circolari attirano centinaia di lettori interessati all\u2019industria svizzera dei videogiochi.<\/li>\n<\/ul>\n<\/li>\n<li>Puoi votare sugli affari dell\u2019industria e sulla direzione nella\u00a0quale l\u2019associazione si sta muovendo. La SGDA \u00e8 <strong>un ente indipendente che ha come forza motrice i propri membri<\/strong>.<\/li>\n<li>Sostieni l\u2019importanza della SGDA a livello politico. <strong>In quanto forza politica la SGDA promuove l\u2019importanza dei videogiochi a livello nazionale e regionale<\/strong>. Rilasciamo dichiarazioni su affari politici per dare una voce ai videogiochi.<\/li>\n<li>Rendi possibili partenariati con <strong>altre organizzazioni politiche che condividono il nostro interesse per i videogiochi<\/strong>.<\/li>\n<li>Puoi approfittare di una <strong>rete di professionisti consenzienti<\/strong> con i quali puoi scambiare esperienze ed associarti.<\/li>\n<li>Rendi possibili <strong>manifestazioni dell\u2019industria<\/strong> e ci puoi partecipare: discorsi, tavole rotonde, discussioni e conferenze.<\/li>\n<\/ul>\n","protected":false},"excerpt":{"rendered":"<p>Diventando membro investi nell\u2019industria svizzera dei videogiochi aiutando i videogiochi in Svizzera in generale. Fai s\u00ec che la SGDA possa agire in quanto rappresentante dei creatori di videogiochi in Svizzera. Con pi\u00f9 di 300 membri siamo l\u2019associazione pi\u00f9 importante in questo ambito. Pi\u00f9 siamo e pi\u00f9 diventiamo forti, e pi\u00f9 possiamo influenzare la politica, l\u2019opinione &#8230; <a title=\"Benefici per i membri\" class=\"read-more\" href=\"https:\/\/www.sgda.ch\/it\/benefici-membri\/\" aria-label=\"More on Benefici per i membri\">Read more<\/a><\/p>\n","protected":false},"author":1,"featured_media":0,"parent":0,"menu_order":0,"comment_status":"closed","ping_status":"open","template":"","meta":{"pmpro_default_level":"","_price":"","_stock":"","_tribe_ticket_header":"","_tribe_default_ticket_provider":"","_tribe_ticket_capacity":"0","_ticket_start_date":"","_ticket_end_date":"","_tribe_ticket_show_description":"","_tribe_ticket_show_not_going":false,"_tribe_ticket_use_global_stock":"","_tribe_ticket_global_stock_level":"","_global_stock_mode":"","_global_stock_cap":"","_tribe_rsvp_for_event":"","_tribe_ticket_going_count":"","_tribe_ticket_not_going_count":"","_tribe_tickets_list":"[]","_tribe_ticket_has_attendee_info_fields":false,"footnotes":"","_tec_slr_enabled":"","_tec_slr_layout":""},"class_list":{"0":"post-1432","1":"page","2":"type-page","3":"status-publish","5":"pmpro-has-access"},"aioseo_notices":[],"ticketed":false,"_links":{"self":[{"href":"https:\/\/www.sgda.ch\/it\/wp-json\/wp\/v2\/pages\/1432","targetHints":{"allow":["GET"]}}],"collection":[{"href":"https:\/\/www.sgda.ch\/it\/wp-json\/wp\/v2\/pages"}],"about":[{"href":"https:\/\/www.sgda.ch\/it\/wp-json\/wp\/v2\/types\/page"}],"author":[{"embeddable":true,"href":"https:\/\/www.sgda.ch\/it\/wp-json\/wp\/v2\/users\/1"}],"replies":[{"embeddable":true,"href":"https:\/\/www.sgda.ch\/it\/wp-json\/wp\/v2\/comments?post=1432"}],"version-history":[{"count":1,"href":"https:\/\/www.sgda.ch\/it\/wp-json\/wp\/v2\/pages\/1432\/revisions"}],"predecessor-version":[{"id":15704,"href":"https:\/\/www.sgda.ch\/it\/wp-json\/wp\/v2\/pages\/1432\/revisions\/15704"}],"wp:attachment":[{"href":"https:\/\/www.sgda.ch\/it\/wp-json\/wp\/v2\/media?parent=1432"}],"curies":[{"name":"wp","href":"https:\/\/api.w.org\/{rel}","templated":true}]}}