{"id":1407,"date":"2016-10-28T12:16:27","date_gmt":"2016-10-28T10:16:27","guid":{"rendered":"https:\/\/www.sgda.ch\/?page_id=1407"},"modified":"2022-01-20T14:29:31","modified_gmt":"2022-01-20T13:29:31","slug":"aderire","status":"publish","type":"page","link":"https:\/\/www.sgda.ch\/it\/aderire\/","title":{"rendered":"Diventa membro e aderisci alla pi\u00f9 grande associazione di sviluppatori di videogiochi in Svizzera"},"content":{"rendered":"<h2><a href=\"https:\/\/www.sgda.ch\/it\/benefici-membri\/\"><b>Verifica i benefici per i nostri membri<\/b><\/a><\/h2>\n<h2><b>Appartenenze individuali<\/b><\/h2>\n<p><b>\n<table id=\"tablepress-1\" class=\"tablepress tablepress-id-1\">\n<thead>\n<tr class=\"row-1\">\n\t<th class=\"column-1\">Individual Membership Categories<\/th><th class=\"column-2\">Annual Membership Fee<\/th>\n<\/tr>\n<\/thead>\n<tbody class=\"row-striping row-hover\">\n<tr class=\"row-2\">\n\t<td class=\"column-1\">Student (currently students from Ceruleum, HSLU Digital Ideation, Les Ma\u00eetres du Monde &amp; Swiss SAE)<\/td><td class=\"column-2\">Free *<\/td>\n<\/tr>\n<tr class=\"row-3\">\n\t<td class=\"column-1\">Student (all students of Swiss schools and universities)<\/td><td class=\"column-2\">CHF 60 **<\/td>\n<\/tr>\n<tr class=\"row-4\">\n\t<td class=\"column-1\">Professional (developer, designer, artist, journalist, etc. active under personal, natural name)<\/td><td class=\"column-2\">CHF 180<\/td>\n<\/tr>\n<tr class=\"row-5\">\n\t<td class=\"column-1\">Game enthusiast (passive membership): Gamers &amp; general supporters<\/td><td class=\"column-2\">CHF 100<\/td>\n<\/tr>\n<\/tbody>\n<\/table>\n<!-- #tablepress-1 from cache --><\/b><\/p>\n<p><b>Importante:<\/b> l\u2019appartenenza come membro sostenitore \u00e8 un\u2019appartenenza <strong>passiva<\/strong> (solo l\u2019appartenenza come sviluppatore professionista o artista da diritto di voto). Come membro passivo sarai informato esclusivamente sulle attivit\u00e0 della SGDA, ma non avrai diritto di voto nell&#8217;associazione. In qualit\u00e0 di membro passivo avrai accesso agevolato alle attivit\u00e0 della SGDA.<\/p>\n<p>* Come studente puoi ricevere un\u2019appartenenza gratuita se la tua scuola\/istituzione fa parte della SGDA (vedi in basso, dove le scuole possono iscriversi come membro partecipante alla SGDA a fine di offrire l\u2019appartenenza gratuita ai loro studenti). L\u2019appartenenza gratuita non \u00e8 provvista del diritto di voto (vota l\u2019istituzione).<\/p>\n<p>** Senza diritto di voto e senza biglietto d\u2019entrata per il gal\u00e0 degli SGDA Swiss Game Awards<\/p>\n<h2><b>Appartenenze aziendali<\/b><\/h2>\n<p><b>\n<table id=\"tablepress-2\" class=\"tablepress tablepress-id-2\">\n<thead>\n<tr class=\"row-1\">\n\t<th class=\"column-1\">Corporate Membership Categories<\/th><th class=\"column-2\">Annual Membership Fee<\/th>\n<\/tr>\n<\/thead>\n<tbody class=\"row-striping row-hover\">\n<tr class=\"row-2\">\n\t<td class=\"column-1\">One-person company (active under jurisdictional company name)<\/td><td class=\"column-2\">CHF 240<\/td>\n<\/tr>\n<tr class=\"row-3\">\n\t<td class=\"column-1\">Company with up to 3 employees<\/td><td class=\"column-2\">CHF 390<\/td>\n<\/tr>\n<tr class=\"row-4\">\n\t<td class=\"column-1\">Company with up to 6 employees<\/td><td class=\"column-2\">CHF 540<\/td>\n<\/tr>\n<tr class=\"row-5\">\n\t<td class=\"column-1\">Company with 7 to 15 employees<\/td><td class=\"column-2\">CHF 860<\/td>\n<\/tr>\n<tr class=\"row-6\">\n\t<td class=\"column-1\">Company with 16 to 30 employees<\/td><td class=\"column-2\">CHF 1'400<\/td>\n<\/tr>\n<tr class=\"row-7\">\n\t<td class=\"column-1\">Company with 31 to 50 employees<\/td><td class=\"column-2\">CHF 3'200<\/td>\n<\/tr>\n<tr class=\"row-8\">\n\t<td class=\"column-1\">Company with over 50 employees<\/td><td class=\"column-2\">Please contact us<\/td>\n<\/tr>\n<\/tbody>\n<\/table>\n<!-- #tablepress-2 from cache --><\/b><\/p>\n<p>Un\u2019appartenenza aziendale \u00e8 munita del diritto di voto (1 voto per azienda). Sviluppatori appartenenti ad una casa editrice non hanno diritto di voto. I membri aziendali ricevono inviti esclusivi in base al loro livello d\u2019appartenenza (cio\u00e8 le aziende hanno diritto ad un numero limitato di ospiti in base alle loro dimensioni). Il logo dell\u2019azienda \u00e8 visibile sul sito della SGDA e nell\u2019elenco dei membri, inoltre ogni membro aziendale ha diritto ad usare il logo ufficiale della SGDA nelle sue comunicazioni.<\/p>\n<h2><b>Istituzioni\/Scuole<\/b><\/h2>\n<p><b>\n<table id=\"tablepress-3\" class=\"tablepress tablepress-id-3\">\n<thead>\n<tr class=\"row-1\">\n\t<th class=\"column-1\">Educational Institution<\/th><th class=\"column-2\">Annual Membership Fee<\/th>\n<\/tr>\n<\/thead>\n<tbody class=\"row-striping row-hover\">\n<tr class=\"row-2\">\n\t<td class=\"column-1\">School, University etc.<\/td><td class=\"column-2\">CHF 1'800<\/td>\n<\/tr>\n<tr class=\"row-3\">\n\t<td class=\"column-1\">Other institutions<\/td><td class=\"column-2\">Please contact us<\/td>\n<\/tr>\n<\/tbody>\n<\/table>\n<!-- #tablepress-3 from cache --><\/b><\/p>\n<p>Tutti gli studenti delle scuole iscritte e di fornitori di corsi di game design e di sviluppo diventano automaticamente membri dell\u2019associazione. Il logo dell\u2019istituzione \u00e8 visibile sul sito della SGDA e nell\u2019elenco dei membri, inoltre ogni membro istituzionale ha diritto ad usare il logo ufficiale della SGDA nelle sue comunicazioni.<\/p>\n<h1><b>Diventa membro. Scegli la tua appartenenza!<\/b><\/h1>\n\n\n<iframe src=\"https:\/\/sgda.webling.ch\/forms\/memberform\/fd619c4577431b685589\" style=\"overflow: hidden; min-height: 3000px; width: 100%\" width=\"100%\" height=\"100%\" frameborder=\"0\"><\/iframe>\n","protected":false},"excerpt":{"rendered":"<p>Verifica i benefici per i nostri membri Appartenenze individuali Importante: l\u2019appartenenza come membro sostenitore \u00e8 un\u2019appartenenza passiva (solo l\u2019appartenenza come sviluppatore professionista o artista da diritto di voto). Come membro passivo sarai informato esclusivamente sulle attivit\u00e0 della SGDA, ma non avrai diritto di voto nell&#8217;associazione. In qualit\u00e0 di membro passivo avrai accesso agevolato alle attivit\u00e0 &#8230; <a title=\"Diventa membro e aderisci alla pi\u00f9 grande associazione di sviluppatori di videogiochi in Svizzera\" class=\"read-more\" href=\"https:\/\/www.sgda.ch\/it\/aderire\/\" aria-label=\"More on Diventa membro e aderisci alla pi\u00f9 grande associazione di sviluppatori di videogiochi in Svizzera\">Read more<\/a><\/p>\n","protected":false},"author":1,"featured_media":0,"parent":0,"menu_order":0,"comment_status":"closed","ping_status":"open","template":"","meta":{"pmpro_default_level":"","_price":"","_stock":"","_tribe_ticket_header":"","_tribe_default_ticket_provider":"","_tribe_ticket_capacity":"0","_ticket_start_date":"","_ticket_end_date":"","_tribe_ticket_show_description":"","_tribe_ticket_show_not_going":false,"_tribe_ticket_use_global_stock":"","_tribe_ticket_global_stock_level":"","_global_stock_mode":"","_global_stock_cap":"","_tribe_rsvp_for_event":"","_tribe_ticket_going_count":"","_tribe_ticket_not_going_count":"","_tribe_tickets_list":"[]","_tribe_ticket_has_attendee_info_fields":false,"footnotes":"","_tec_slr_enabled":"","_tec_slr_layout":""},"class_list":{"0":"post-1407","1":"page","2":"type-page","3":"status-publish","5":"pmpro-has-access"},"aioseo_notices":[],"ticketed":false,"_links":{"self":[{"href":"https:\/\/www.sgda.ch\/it\/wp-json\/wp\/v2\/pages\/1407","targetHints":{"allow":["GET"]}}],"collection":[{"href":"https:\/\/www.sgda.ch\/it\/wp-json\/wp\/v2\/pages"}],"about":[{"href":"https:\/\/www.sgda.ch\/it\/wp-json\/wp\/v2\/types\/page"}],"author":[{"embeddable":true,"href":"https:\/\/www.sgda.ch\/it\/wp-json\/wp\/v2\/users\/1"}],"replies":[{"embeddable":true,"href":"https:\/\/www.sgda.ch\/it\/wp-json\/wp\/v2\/comments?post=1407"}],"version-history":[{"count":0,"href":"https:\/\/www.sgda.ch\/it\/wp-json\/wp\/v2\/pages\/1407\/revisions"}],"wp:attachment":[{"href":"https:\/\/www.sgda.ch\/it\/wp-json\/wp\/v2\/media?parent=1407"}],"curies":[{"name":"wp","href":"https:\/\/api.w.org\/{rel}","templated":true}]}}