{"id":1354,"date":"2016-10-28T11:11:55","date_gmt":"2016-10-28T09:11:55","guid":{"rendered":"https:\/\/www.sgda.ch\/?page_id=1354"},"modified":"2024-11-01T13:12:58","modified_gmt":"2024-11-01T12:12:58","slug":"informazioni-sulla-sgda","status":"publish","type":"page","link":"https:\/\/www.sgda.ch\/it\/","title":{"rendered":"Informazioni sulla SGDA"},"content":{"rendered":"<h1>Uniamo e rappresentiamo gli sviluppatori di videogiochi in Svizzera.<\/h1>\n<h2>La SGDA in breve<\/h2>\n<p><span style=\"font-weight: 400;\">La Swiss Game Developers Association (SGDA) \u00e8 un\u2019organizzazione indipendente e la maggiore fautrice degli sviluppatori di videogiochi svizzeri. Gli obiettivi dell\u2019organizzazione non a scopo di lucro sono un ambiente politico di sostegno, la professionalizzazione tramite la promozione di abilit\u00e0 e di giovani talenti nonch\u00e9 una maggiore visibilit\u00e0 di un\u2019industria dei videogiochi svizzera forte. La SGDA organizza gli \u00ab<a href=\"https:\/\/swissgameawards.ch\">Swiss Game Awards<\/a>\u00bb che onorano l\u2019innovazione di stampo svizzero nei videogiochi.<\/span><\/p>\n\n\n<div style=\"height:15px\" aria-hidden=\"true\" class=\"wp-block-spacer\"><\/div>\n\n\n\n<hr class=\"wp-block-separator has-alpha-channel-opacity\"\/>\n\n\n\n<div style=\"height:15px\" aria-hidden=\"true\" class=\"wp-block-spacer\"><\/div>\n\n\n\n<h2 class=\"wp-block-heading\">SGDA Swiss Game Awards 2024<\/h2>\n\n\n\n<p>Gli SGDA Swiss Game Awards (SWIGA) \u00e8 il premio per gli sviluppatori di giochi della Svizzera. Onora progetti eccezionali che hanno messo l&#8217;industria del gioco svizzera sotto i riflettori.<\/p>\n\n\n\n<p>La SGDA assegna il premio dell&#8217;industria svizzera dal 2013 per onorare l&#8217;eccellenza svizzera nei giochi.<\/p>\n\n\n\n<div class=\"wp-block-buttons is-layout-flex wp-block-buttons-is-layout-flex\">\n<div class=\"wp-block-button\"><a class=\"wp-block-button__link wp-element-button\" href=\"https:\/\/www.sgda.ch\/it\/swiss-game-awards\/\">Swiss Game Awards (EN)<\/a><\/div>\n<\/div>\n\n\n\n<div style=\"height:15px\" aria-hidden=\"true\" class=\"wp-block-spacer\"><\/div>\n\n\n\n<hr class=\"wp-block-separator has-alpha-channel-opacity\"\/>\n\n\n\n<div style=\"height:15px\" aria-hidden=\"true\" class=\"wp-block-spacer\"><\/div>\n\n\n\n<h2 class=\"wp-block-heading\">Gamesweek Zurich<\/h2>\n\n\n\n<p>Gamesweek Zurich, il principale festival di giochi della Svizzera, si svolge dal 9 al 19 novembre 2023. Scopri ora il suo ricco e variegato programma.<\/p>\n\n\n\n<div class=\"wp-block-buttons is-layout-flex wp-block-buttons-is-layout-flex\">\n<div class=\"wp-block-button\"><a class=\"wp-block-button__link wp-element-button\" href=\"https:\/\/www.gamesweekzurich.org\/festivalprogramm-2023\/\">Festival: 9-19 Nov (DE)<\/a><\/div>\n<\/div>\n\n\n\n<div style=\"height:15px\" aria-hidden=\"true\" class=\"wp-block-spacer\"><\/div>\n\n\n\n<h2 class=\"wp-block-heading\">Gamesweek Zurich | The Conference<\/h2>\n\n\n\n<p>Gamesweek Zurich | The Conference si tiene a Zurigo il 16\/17 novembre 2023: partecipa all&#8217;unica conferenza in Svizzera che riunisce creatori di giochi, rappresentanti dell&#8217;industria e dell&#8217;amministrazione, decisori politici e investitori. La Conferenza ti aspetta con un programma intenso e diversificato, che include incontri dal vivo (IRL), un ricevimento ap\u00e9ros e la Cerimonia degli Swiss Game Awards.<\/p>\n\n\n\n<div class=\"wp-block-buttons is-layout-flex wp-block-buttons-is-layout-flex\">\n<div class=\"wp-block-button\"><a class=\"wp-block-button__link wp-element-button\" href=\"https:\/\/www.gamesweekzurich.org\/en\/conference-programme\/\">The Conference: 16\/17 Nov (EN)<\/a><\/div>\n<\/div>\n\n\n\n<div style=\"height:60px\" aria-hidden=\"true\" class=\"wp-block-spacer\"><\/div>\n","protected":false},"excerpt":{"rendered":"<p>Uniamo e rappresentiamo gli sviluppatori di videogiochi in Svizzera. La SGDA in breve La Swiss Game Developers Association (SGDA) \u00e8 un\u2019organizzazione indipendente e la maggiore fautrice degli sviluppatori di videogiochi svizzeri. Gli obiettivi dell\u2019organizzazione non a scopo di lucro sono un ambiente politico di sostegno, la professionalizzazione tramite la promozione di abilit\u00e0 e di giovani &#8230; <a title=\"Informazioni sulla SGDA\" class=\"read-more\" href=\"https:\/\/www.sgda.ch\/it\/\" aria-label=\"More on Informazioni sulla SGDA\">Read more<\/a><\/p>\n","protected":false},"author":1,"featured_media":0,"parent":0,"menu_order":0,"comment_status":"closed","ping_status":"open","template":"","meta":{"pmpro_default_level":"","_price":"","_stock":"","_tribe_ticket_header":"","_tribe_default_ticket_provider":"","_tribe_ticket_capacity":"0","_ticket_start_date":"","_ticket_end_date":"","_tribe_ticket_show_description":"","_tribe_ticket_show_not_going":false,"_tribe_ticket_use_global_stock":"","_tribe_ticket_global_stock_level":"","_global_stock_mode":"","_global_stock_cap":"","_tribe_rsvp_for_event":"","_tribe_ticket_going_count":"","_tribe_ticket_not_going_count":"","_tribe_tickets_list":"[]","_tribe_ticket_has_attendee_info_fields":false,"footnotes":"","_tec_slr_enabled":"","_tec_slr_layout":""},"class_list":{"0":"post-1354","1":"page","2":"type-page","3":"status-publish","5":"pmpro-has-access"},"aioseo_notices":[],"ticketed":false,"_links":{"self":[{"href":"https:\/\/www.sgda.ch\/it\/wp-json\/wp\/v2\/pages\/1354","targetHints":{"allow":["GET"]}}],"collection":[{"href":"https:\/\/www.sgda.ch\/it\/wp-json\/wp\/v2\/pages"}],"about":[{"href":"https:\/\/www.sgda.ch\/it\/wp-json\/wp\/v2\/types\/page"}],"author":[{"embeddable":true,"href":"https:\/\/www.sgda.ch\/it\/wp-json\/wp\/v2\/users\/1"}],"replies":[{"embeddable":true,"href":"https:\/\/www.sgda.ch\/it\/wp-json\/wp\/v2\/comments?post=1354"}],"version-history":[{"count":15,"href":"https:\/\/www.sgda.ch\/it\/wp-json\/wp\/v2\/pages\/1354\/revisions"}],"predecessor-version":[{"id":16151,"href":"https:\/\/www.sgda.ch\/it\/wp-json\/wp\/v2\/pages\/1354\/revisions\/16151"}],"wp:attachment":[{"href":"https:\/\/www.sgda.ch\/it\/wp-json\/wp\/v2\/media?parent=1354"}],"curies":[{"name":"wp","href":"https:\/\/api.w.org\/{rel}","templated":true}]}}