{"id":2072,"date":"2017-07-16T23:22:08","date_gmt":"2017-07-16T21:22:08","guid":{"rendered":"https:\/\/www.sgda.ch\/?page_id=2072"},"modified":"2022-02-07T16:32:29","modified_gmt":"2022-02-07T15:32:29","slug":"donateurs","status":"publish","type":"page","link":"https:\/\/www.sgda.ch\/fr\/donateurs\/","title":{"rendered":"Devenez donateur de la SGDA"},"content":{"rendered":"<p><span style=\"font-weight: 400;\">Depuis 2012 la SGDA soutient l\u2019industrie vid\u00e9oludique suisse. En tant qu&#8217;association on est convaincus que le m\u00e9dium interactif des jeux vid\u00e9o fait partie du canon culturel et \u00e9conomique en Suisse. La SGDA est soutenue par ses membres. Ils constituent l\u2019organe supr\u00eame de l\u2019association, et la SGDA les appuie. Pour atteindre nos objectifs avec nos activit\u00e9s il nous faut des moyens financiers. En tant que donateurs&nbsp;de la SGDA vous soutenez le m\u00e9dium des jeux vid\u00e9o et les d\u00e9veloppeurs en Suisse. Toute somme, grande ou petite, est un soutien important.<\/span><\/p>\n\n\n<p>&#8212;<\/p>\n\n\n\n<div class=\"rnw-widget-container\"><\/div>\n<script src=\"https:\/\/tamaro.raisenow.com\/sgda-67dd5\/latest\/widget.js\"><\/script>  \n<script>\nwindow.rnw.tamaro.runWidget('.rnw-widget-container')<\/script>\n","protected":false},"excerpt":{"rendered":"<p>Depuis 2012 la SGDA soutient l\u2019industrie vid\u00e9oludique suisse. En tant qu&#8217;association on est convaincus que le m\u00e9dium interactif des jeux vid\u00e9o fait partie du canon culturel et \u00e9conomique en Suisse. La SGDA est soutenue par ses membres. Ils constituent l\u2019organe supr\u00eame de l\u2019association, et la SGDA les appuie. Pour atteindre nos objectifs avec nos activit\u00e9s &#8230; <a title=\"Devenez donateur de la SGDA\" class=\"read-more\" href=\"https:\/\/www.sgda.ch\/fr\/donateurs\/\" aria-label=\"More on Devenez donateur de la SGDA\">Read more<\/a><\/p>\n","protected":false},"author":1,"featured_media":0,"parent":0,"menu_order":0,"comment_status":"closed","ping_status":"closed","template":"","meta":{"pmpro_default_level":"","_price":"","_stock":"","_tribe_ticket_header":"","_tribe_default_ticket_provider":"","_tribe_ticket_capacity":"0","_ticket_start_date":"","_ticket_end_date":"","_tribe_ticket_show_description":"","_tribe_ticket_show_not_going":false,"_tribe_ticket_use_global_stock":"","_tribe_ticket_global_stock_level":"","_global_stock_mode":"","_global_stock_cap":"","_tribe_rsvp_for_event":"","_tribe_ticket_going_count":"","_tribe_ticket_not_going_count":"","_tribe_tickets_list":"[]","_tribe_ticket_has_attendee_info_fields":false,"footnotes":"","_tec_slr_enabled":"","_tec_slr_layout":""},"class_list":{"0":"post-2072","1":"page","2":"type-page","3":"status-publish","5":"pmpro-has-access"},"aioseo_notices":[],"ticketed":false,"_links":{"self":[{"href":"https:\/\/www.sgda.ch\/fr\/wp-json\/wp\/v2\/pages\/2072","targetHints":{"allow":["GET"]}}],"collection":[{"href":"https:\/\/www.sgda.ch\/fr\/wp-json\/wp\/v2\/pages"}],"about":[{"href":"https:\/\/www.sgda.ch\/fr\/wp-json\/wp\/v2\/types\/page"}],"author":[{"embeddable":true,"href":"https:\/\/www.sgda.ch\/fr\/wp-json\/wp\/v2\/users\/1"}],"replies":[{"embeddable":true,"href":"https:\/\/www.sgda.ch\/fr\/wp-json\/wp\/v2\/comments?post=2072"}],"version-history":[{"count":0,"href":"https:\/\/www.sgda.ch\/fr\/wp-json\/wp\/v2\/pages\/2072\/revisions"}],"wp:attachment":[{"href":"https:\/\/www.sgda.ch\/fr\/wp-json\/wp\/v2\/media?parent=2072"}],"curies":[{"name":"wp","href":"https:\/\/api.w.org\/{rel}","templated":true}]}}