{"id":1474,"date":"2016-10-28T11:10:44","date_gmt":"2016-10-28T09:10:44","guid":{"rendered":"https:\/\/www.sgda.ch\/?page_id=1474"},"modified":"2024-11-01T13:11:58","modified_gmt":"2024-11-01T12:11:58","slug":"informations-sur-la-sgda","status":"publish","type":"page","link":"https:\/\/www.sgda.ch\/fr\/","title":{"rendered":"Informations sur la SGDA"},"content":{"rendered":"<h1>Nous connectons et repr\u00e9sentons les d\u00e9veloppeurs de jeux en Suisse.<\/h1>\n<h2>La SGDA en court<\/h2>\n<p>La Swiss Game Developers Association (SGDA) est une organisation ind\u00e9pendante \u00e0 but non-lucratif soutenue par ses membres qui d\u00e9fend les d\u00e9veloppeurs de jeux suisses. Cette association a pour buts, de cr\u00e9er un environnement politique favorable, de d\u00e9velopper la professionnalisation par la promotion des connaissances sp\u00e9cialis\u00e9es, de soutenir des jeunes talents, d\u2019accro\u00eetre la visibilit\u00e9 de l\u2019industrie suisse du jeu. Dans le cadre de la <a href=\"https:\/\/www.gamesweekzurich.org\/en\/\">Gamesweek Zurich<\/a>, la SGDA organise les <a href=\"https:\/\/www.sgda.ch\/fr\/swiss-game-awards\/\">Swiss Game Awards<\/a>, qui r\u00e9compensent l&#8217;innovation suisse dans les jeux num\u00e9riques.<\/p>\n\n\n<div style=\"height:15px\" aria-hidden=\"true\" class=\"wp-block-spacer\"><\/div>\n\n\n\n<hr class=\"wp-block-separator has-alpha-channel-opacity\"\/>\n\n\n\n<div style=\"height:15px\" aria-hidden=\"true\" class=\"wp-block-spacer\"><\/div>\n\n\n\n<h2 class=\"wp-block-heading\">SGDA Swiss Game Awards 2024<\/h2>\n\n\n\n<p>Les <a href=\"https:\/\/www.sgda.ch\/fr\/swiss-game-awards\/\">SGDA Swiss Game Awards<\/a> (SWIGA) est le prix des d\u00e9veloppeurs de jeux vid\u00e9o en Suisse. Avec eux, des projets exceptionnels qui ont mis en lumi\u00e8re l&#8217;industrie du jeu vid\u00e9o suisse sont r\u00e9compens\u00e9s. <\/p>\n\n\n\n<p>La SGDA d\u00e9cerne ce prix de l&#8217;industrie suisse depuis 2013 afin d&#8217;honorer les performances de pointe dans le domaine des jeux vid\u00e9o en Suisse.<\/p>\n\n\n\n<div class=\"wp-block-buttons is-layout-flex wp-block-buttons-is-layout-flex\">\n<div class=\"wp-block-button\"><a class=\"wp-block-button__link wp-element-button\" href=\"https:\/\/www.sgda.ch\/fr\/swiss-game-awards\/\">Swiss Game Awards (EN)<\/a><\/div>\n<\/div>\n\n\n\n<div style=\"height:15px\" aria-hidden=\"true\" class=\"wp-block-spacer\"><\/div>\n\n\n\n<hr class=\"wp-block-separator has-alpha-channel-opacity\"\/>\n\n\n\n<div style=\"height:15px\" aria-hidden=\"true\" class=\"wp-block-spacer\"><\/div>\n\n\n\n<h2 class=\"wp-block-heading\">Safe Games Plateforme<\/h2>\n\n\n\n<p>Safe Games est une initiative de la Swiss Game Developers Association (SGDA). Safe Games est une plateforme o\u00f9 des informations et des outils concernant diff\u00e9rents aspects de la s\u00e9curit\u00e9 autour des jeux sont disponibles.<\/p>\n\n\n\n<div class=\"wp-block-buttons is-layout-flex wp-block-buttons-is-layout-flex\">\n<div class=\"wp-block-button\"><a class=\"wp-block-button__link wp-element-button\" href=\"https:\/\/www.safegames.ch\/fr\/\">Safe Games Plateforme<\/a><\/div>\n<\/div>\n\n\n\n<div style=\"height:15px\" aria-hidden=\"true\" class=\"wp-block-spacer\"><\/div>\n\n\n\n<hr class=\"wp-block-separator has-alpha-channel-opacity\"\/>\n\n\n\n<div style=\"height:15px\" aria-hidden=\"true\" class=\"wp-block-spacer\"><\/div>\n\n\n\n<h2 class=\"wp-block-heading\">Gamesweek Zurich<\/h2>\n\n\n\n<p>Gamesweek Zurich, le principal festival de jeux en Suisse, s&#8217;est d\u00e9roul\u00e9 du 9 au 19 novembre 2023. D\u00e9couvrez son programme riche et vari\u00e9.<\/p>\n\n\n\n<div class=\"wp-block-buttons is-layout-flex wp-block-buttons-is-layout-flex\">\n<div class=\"wp-block-button\"><a class=\"wp-block-button__link wp-element-button\" href=\"https:\/\/www.gamesweekzurich.org\/festivalprogramm-2023\/\">Festival 2023 (DE)<\/a><\/div>\n<\/div>\n\n\n\n<div style=\"height:15px\" aria-hidden=\"true\" class=\"wp-block-spacer\"><\/div>\n\n\n\n<h2 class=\"wp-block-heading\">Gamesweek Zurich | The Conference<\/h2>\n\n\n\n<p>La conf\u00e9rence internationale a eu lieu \u00e0 Zurich les 16 et 17 novembre 2023. C&#8217;est la seule conf\u00e9rence en Suisse qui rassemble des cr\u00e9ateurs de jeux, des repr\u00e9sentants de l&#8217;industrie et de l&#8217;administration, des d\u00e9cideurs politiques, et des investisseurs. La conf\u00e9rence attend les participants avec un programme charg\u00e9 et diversifi\u00e9, incluant des formats de r\u00e9seautage en personne et en ligne, une r\u00e9ception, et la c\u00e9r\u00e9monie des Swiss Game Awards.<\/p>\n\n\n\n<div class=\"wp-block-buttons is-layout-flex wp-block-buttons-is-layout-flex\">\n<div class=\"wp-block-button\"><a class=\"wp-block-button__link wp-element-button\" href=\"https:\/\/www.gamesweekzurich.org\/en\/impressions-of-the-conference-2023\/\">Impressions 2023 (EN)<\/a><\/div>\n<\/div>\n\n\n\n<div class=\"wp-block-buttons is-layout-flex wp-block-buttons-is-layout-flex\">\n<div class=\"wp-block-button\"><a class=\"wp-block-button__link wp-element-button\" href=\"https:\/\/www.gamesweekzurich.org\/en\/conference-programme\/\">Programme 2023 (EN)<\/a><\/div>\n<\/div>\n\n\n\n<div style=\"height:60px\" aria-hidden=\"true\" class=\"wp-block-spacer\"><\/div>\n","protected":false},"excerpt":{"rendered":"<p>Nous connectons et repr\u00e9sentons les d\u00e9veloppeurs de jeux en Suisse. La SGDA en court La Swiss Game Developers Association (SGDA) est une organisation ind\u00e9pendante \u00e0 but non-lucratif soutenue par ses membres qui d\u00e9fend les d\u00e9veloppeurs de jeux suisses. Cette association a pour buts, de cr\u00e9er un environnement politique favorable, de d\u00e9velopper la professionnalisation par la &#8230; <a title=\"Informations sur la SGDA\" class=\"read-more\" href=\"https:\/\/www.sgda.ch\/fr\/\" aria-label=\"More on Informations sur la SGDA\">Read more<\/a><\/p>\n","protected":false},"author":1,"featured_media":0,"parent":0,"menu_order":0,"comment_status":"closed","ping_status":"open","template":"","meta":{"pmpro_default_level":"","_price":"","_stock":"","_tribe_ticket_header":"","_tribe_default_ticket_provider":"","_tribe_ticket_capacity":"0","_ticket_start_date":"","_ticket_end_date":"","_tribe_ticket_show_description":"","_tribe_ticket_show_not_going":false,"_tribe_ticket_use_global_stock":"","_tribe_ticket_global_stock_level":"","_global_stock_mode":"","_global_stock_cap":"","_tribe_rsvp_for_event":"","_tribe_ticket_going_count":"","_tribe_ticket_not_going_count":"","_tribe_tickets_list":"[]","_tribe_ticket_has_attendee_info_fields":false,"footnotes":"","_tec_slr_enabled":"","_tec_slr_layout":""},"class_list":{"0":"post-1474","1":"page","2":"type-page","3":"status-publish","5":"pmpro-has-access"},"aioseo_notices":[],"ticketed":false,"_links":{"self":[{"href":"https:\/\/www.sgda.ch\/fr\/wp-json\/wp\/v2\/pages\/1474","targetHints":{"allow":["GET"]}}],"collection":[{"href":"https:\/\/www.sgda.ch\/fr\/wp-json\/wp\/v2\/pages"}],"about":[{"href":"https:\/\/www.sgda.ch\/fr\/wp-json\/wp\/v2\/types\/page"}],"author":[{"embeddable":true,"href":"https:\/\/www.sgda.ch\/fr\/wp-json\/wp\/v2\/users\/1"}],"replies":[{"embeddable":true,"href":"https:\/\/www.sgda.ch\/fr\/wp-json\/wp\/v2\/comments?post=1474"}],"version-history":[{"count":17,"href":"https:\/\/www.sgda.ch\/fr\/wp-json\/wp\/v2\/pages\/1474\/revisions"}],"predecessor-version":[{"id":16149,"href":"https:\/\/www.sgda.ch\/fr\/wp-json\/wp\/v2\/pages\/1474\/revisions\/16149"}],"wp:attachment":[{"href":"https:\/\/www.sgda.ch\/fr\/wp-json\/wp\/v2\/media?parent=1474"}],"curies":[{"name":"wp","href":"https:\/\/api.w.org\/{rel}","templated":true}]}}