{"id":1413,"date":"2016-10-28T12:12:49","date_gmt":"2016-10-28T10:12:49","guid":{"rendered":"https:\/\/www.sgda.ch\/?page_id=1413"},"modified":"2022-07-25T09:14:32","modified_gmt":"2022-07-25T07:14:32","slug":"adherer","status":"publish","type":"page","link":"https:\/\/www.sgda.ch\/fr\/adherer\/","title":{"rendered":"Devenez membre et rejoignez la plus grande association de d\u00e9veloppeurs de jeux suisses."},"content":{"rendered":"<h2><b>V\u00e9rifiez vos b\u00e9n\u00e9fices<\/b><a href=\"https:\/\/www.sgda.ch\/fr\/benefices-membres\/\"><b> de devenir membre<\/b><\/a><\/h2>\n<h2><b>Adh\u00e9sion individuel<\/b><\/h2>\n<p><b>\n<table id=\"tablepress-1\" class=\"tablepress tablepress-id-1\">\n<thead>\n<tr class=\"row-1\">\n\t<th class=\"column-1\">Individual Membership Categories<\/th><th class=\"column-2\">Annual Membership Fee<\/th>\n<\/tr>\n<\/thead>\n<tbody class=\"row-striping row-hover\">\n<tr class=\"row-2\">\n\t<td class=\"column-1\">Student (currently students from Ceruleum, HSLU Digital Ideation, Les Ma\u00eetres du Monde &amp; Swiss SAE)<\/td><td class=\"column-2\">Free *<\/td>\n<\/tr>\n<tr class=\"row-3\">\n\t<td class=\"column-1\">Student (all students of Swiss schools and universities)<\/td><td class=\"column-2\">CHF 60 **<\/td>\n<\/tr>\n<tr class=\"row-4\">\n\t<td class=\"column-1\">Professional (developer, designer, artist, journalist, etc. active under personal, natural name)<\/td><td class=\"column-2\">CHF 180<\/td>\n<\/tr>\n<tr class=\"row-5\">\n\t<td class=\"column-1\">Game enthusiast (passive membership): Gamers &amp; general supporters<\/td><td class=\"column-2\">CHF 100<\/td>\n<\/tr>\n<\/tbody>\n<\/table>\n<!-- #tablepress-1 from cache --><\/b><\/p>\n<p><strong>Important:<\/strong> l\u2019adh\u00e9sion de type \u201centhousiaste des jeux\u201d est une <strong>adh\u00e9sion passive<\/strong> (seul les adh\u00e9sions de type \u201cd\u00e9veloppeurs et artistes professionnels\u201d ont le droit de vote). Comme membre passif, vous serez inform\u00e9s de mani\u00e8re exclusive \u00e0 propos des actions de la SGDA, mais vous n\u2019aurez pas le droit de vote dans l\u2019association. Comme membre passif, vous recevrez un acc\u00e8s favorables aux activit\u00e9s de la SGDA.<\/p>\n<p>* Comme \u00e9tudiant, vous recevez une adh\u00e9sion gratuite si votre \u00e9cole\/institution est un membre participant de la SGDA (lire ci-dessous o\u00f9 les \u00e9coles peuvent s\u2019enregistrer comme membre participant et offrir une adh\u00e9sion gratuite \u00e0 leurs \u00e9tudiants). L\u2019adh\u00e9sion gratuite ne donne pas le droit de vote (c\u2019est l\u2019institution en entier qui vote).<\/p>\n<p>** Pas de droit de vote et pas de ticket pour le gala SGDA Swiss Game Awards.<\/p>\n<h2><b>Adh\u00e9sion corporative<\/b><\/h2>\n<p><b>\n<table id=\"tablepress-2\" class=\"tablepress tablepress-id-2\">\n<thead>\n<tr class=\"row-1\">\n\t<th class=\"column-1\">Corporate Membership Categories<\/th><th class=\"column-2\">Annual Membership Fee<\/th>\n<\/tr>\n<\/thead>\n<tbody class=\"row-striping row-hover\">\n<tr class=\"row-2\">\n\t<td class=\"column-1\">One-person company (active under jurisdictional company name)<\/td><td class=\"column-2\">CHF 240<\/td>\n<\/tr>\n<tr class=\"row-3\">\n\t<td class=\"column-1\">Company with up to 3 employees<\/td><td class=\"column-2\">CHF 390<\/td>\n<\/tr>\n<tr class=\"row-4\">\n\t<td class=\"column-1\">Company with up to 6 employees<\/td><td class=\"column-2\">CHF 540<\/td>\n<\/tr>\n<tr class=\"row-5\">\n\t<td class=\"column-1\">Company with 7 to 15 employees<\/td><td class=\"column-2\">CHF 860<\/td>\n<\/tr>\n<tr class=\"row-6\">\n\t<td class=\"column-1\">Company with 16 to 30 employees<\/td><td class=\"column-2\">CHF 1'400<\/td>\n<\/tr>\n<tr class=\"row-7\">\n\t<td class=\"column-1\">Company with 31 to 50 employees<\/td><td class=\"column-2\">CHF 3'200<\/td>\n<\/tr>\n<tr class=\"row-8\">\n\t<td class=\"column-1\">Company with over 50 employees<\/td><td class=\"column-2\">Please contact us<\/td>\n<\/tr>\n<\/tbody>\n<\/table>\n<!-- #tablepress-2 from cache --><\/b><\/p>\n<p>Une adh\u00e9sion corporative vient avec un droit de vote (1 vote par compagnie). Les d\u00e9veloppeurs appartenant \u00e0 des \u00e9diteurs n\u2019ont pas le droit de vote. Les membres corporatifs re\u00e7oivent des invitations exclusives bas\u00e9s sur leur taille (i.e. les compagnies re\u00e7oivent une quantiti\u00e9 d\u2019invitations individuelles par rapport \u00e0 la taille de leur compagnie). Les compagnies ont leur logo mis en avant sur le site de la SGDA et ils peuvent utiliser le logo officiel de la SGDA dans leur communication.<\/p>\n<h2><b>Adh\u00e9sion des institutions et des \u00e9coles<\/b><\/h2>\n<p><b>\n<table id=\"tablepress-3\" class=\"tablepress tablepress-id-3\">\n<thead>\n<tr class=\"row-1\">\n\t<th class=\"column-1\">Educational Institution<\/th><th class=\"column-2\">Annual Membership Fee<\/th>\n<\/tr>\n<\/thead>\n<tbody class=\"row-striping row-hover\">\n<tr class=\"row-2\">\n\t<td class=\"column-1\">School, University etc.<\/td><td class=\"column-2\">CHF 1'800<\/td>\n<\/tr>\n<tr class=\"row-3\">\n\t<td class=\"column-1\">Other institutions<\/td><td class=\"column-2\">Please contact us<\/td>\n<\/tr>\n<\/tbody>\n<\/table>\n<!-- #tablepress-3 from cache --><\/b><\/p>\n<p>Tous les \u00e9tudiants des institutions et \u00e9coles membres de la SGDA peuvent adh\u00e9rer gratuitement.<\/p>\n<p>Les institutions voient leur logo mis en avant sur le site de la SGDA et peuvent utiliser le logo officiel de la SGDA dans leur communication.<\/p>\n<h1><b>Devenez membre. Choisissez votre cat\u00e9gorie!<\/b><\/h1>\n\n\n<iframe\nsrc=\"https:\/\/sgda.webling.ch\/forms\/memberform\/3f5d3217cec5f010005a\"\nframeborder=\"0\"\nstyle=\"overflow: hidden; min-height: 1000px; width: 100%\"\nheight=\"100%\"\nwidth=\"100%\"\n><\/iframe>\n","protected":false},"excerpt":{"rendered":"<p>V\u00e9rifiez vos b\u00e9n\u00e9fices de devenir membre Adh\u00e9sion individuel Important: l\u2019adh\u00e9sion de type \u201centhousiaste des jeux\u201d est une adh\u00e9sion passive (seul les adh\u00e9sions de type \u201cd\u00e9veloppeurs et artistes professionnels\u201d ont le droit de vote). Comme membre passif, vous serez inform\u00e9s de mani\u00e8re exclusive \u00e0 propos des actions de la SGDA, mais vous n\u2019aurez pas le droit &#8230; <a title=\"Devenez membre et rejoignez la plus grande association de d\u00e9veloppeurs de jeux suisses.\" class=\"read-more\" href=\"https:\/\/www.sgda.ch\/fr\/adherer\/\" aria-label=\"More on Devenez membre et rejoignez la plus grande association de d\u00e9veloppeurs de jeux suisses.\">Read more<\/a><\/p>\n","protected":false},"author":1,"featured_media":0,"parent":0,"menu_order":0,"comment_status":"closed","ping_status":"open","template":"","meta":{"pmpro_default_level":"","_price":"","_stock":"","_tribe_ticket_header":"","_tribe_default_ticket_provider":"","_tribe_ticket_capacity":"0","_ticket_start_date":"","_ticket_end_date":"","_tribe_ticket_show_description":"","_tribe_ticket_show_not_going":false,"_tribe_ticket_use_global_stock":"","_tribe_ticket_global_stock_level":"","_global_stock_mode":"","_global_stock_cap":"","_tribe_rsvp_for_event":"","_tribe_ticket_going_count":"","_tribe_ticket_not_going_count":"","_tribe_tickets_list":"[]","_tribe_ticket_has_attendee_info_fields":false,"footnotes":"","_tec_slr_enabled":"","_tec_slr_layout":""},"class_list":{"0":"post-1413","1":"page","2":"type-page","3":"status-publish","5":"pmpro-has-access"},"aioseo_notices":[],"ticketed":false,"_links":{"self":[{"href":"https:\/\/www.sgda.ch\/fr\/wp-json\/wp\/v2\/pages\/1413","targetHints":{"allow":["GET"]}}],"collection":[{"href":"https:\/\/www.sgda.ch\/fr\/wp-json\/wp\/v2\/pages"}],"about":[{"href":"https:\/\/www.sgda.ch\/fr\/wp-json\/wp\/v2\/types\/page"}],"author":[{"embeddable":true,"href":"https:\/\/www.sgda.ch\/fr\/wp-json\/wp\/v2\/users\/1"}],"replies":[{"embeddable":true,"href":"https:\/\/www.sgda.ch\/fr\/wp-json\/wp\/v2\/comments?post=1413"}],"version-history":[{"count":0,"href":"https:\/\/www.sgda.ch\/fr\/wp-json\/wp\/v2\/pages\/1413\/revisions"}],"wp:attachment":[{"href":"https:\/\/www.sgda.ch\/fr\/wp-json\/wp\/v2\/media?parent=1413"}],"curies":[{"name":"wp","href":"https:\/\/api.w.org\/{rel}","templated":true}]}}