{"id":1345,"date":"2016-10-24T10:27:57","date_gmt":"2016-10-24T08:27:57","guid":{"rendered":"https:\/\/www.sgda.ch\/?page_id=1345"},"modified":"2020-10-08T21:08:03","modified_gmt":"2020-10-08T19:08:03","slug":"junior-award-inscription","status":"publish","type":"page","link":"https:\/\/www.sgda.ch\/fr\/junior-award-inscription\/","title":{"rendered":"Junior Swiss Game Award: Inscription"},"content":{"rendered":"<p><a href=\"https:\/\/www.sgda.ch\/de\/junior-award-eingabe\/\">Deutsch<\/a>, <a href=\"https:\/\/www.sgda.ch\/it\/junior-award-iscrizione\/\">Italiano<\/a>,\u00a0<a href=\"https:\/\/www.sgda.ch\/en\/junior-award-submission\/\">English<\/a><\/p>\n<p>2020 \u00e9dition du Junior Swiss Game Award pour jeunes cr\u00e9ateurs de jeux vid\u00e9o!<\/p>\n<ul>\n<li>Le responsable du projet doit \u00eatre un \u00e9tudiant d&#8217;une \u00e9cole, d&#8217;un lyc\u00e9e ou d&#8217;une universit\u00e9 suisse.<\/li>\n<li>Date limite de participation: 31 octobre 2020, 23:59 heures<\/li>\n<li>Remise du prix: au <a href=\"https:\/\/www.numerik-games.ch\/junior-award-2020\/\" target=\"_blank\" rel=\"noopener noreferrer\">Numerik Games<\/a><\/li>\n<\/ul>\n<p><a style=\"font-size: 15px;\" href=\"http:\/\/www.sgda.ch\/contact\/\">Contact pour questions<\/a><br \/>\n\n<div class=\"wpcf7 no-js\" id=\"wpcf7-f410-o1\" lang=\"en-US\" dir=\"ltr\" data-wpcf7-id=\"410\">\n<div class=\"screen-reader-response\"><p role=\"status\" aria-live=\"polite\" aria-atomic=\"true\"><\/p> <ul><\/ul><\/div>\n<form action=\"\/fr\/wp-json\/wp\/v2\/pages\/1345#wpcf7-f410-o1\" method=\"post\" class=\"wpcf7-form init\" aria-label=\"Contact form\" novalidate=\"novalidate\" data-status=\"init\">\n<fieldset class=\"hidden-fields-container\"><input type=\"hidden\" name=\"_wpcf7\" value=\"410\" \/><input type=\"hidden\" name=\"_wpcf7_version\" value=\"6.1.5\" \/><input type=\"hidden\" name=\"_wpcf7_locale\" value=\"en_US\" \/><input type=\"hidden\" name=\"_wpcf7_unit_tag\" value=\"wpcf7-f410-o1\" \/><input type=\"hidden\" name=\"_wpcf7_container_post\" value=\"0\" \/><input type=\"hidden\" name=\"_wpcf7_posted_data_hash\" value=\"\" \/><input type=\"hidden\" name=\"_wpcf7_recaptcha_response\" value=\"\" \/>\n<\/fieldset>\n<p>Pr\u00e9nom\n<\/p>\n<p><span class=\"wpcf7-form-control-wrap\" data-name=\"vorname\"><input size=\"40\" maxlength=\"400\" class=\"wpcf7-form-control wpcf7-text wpcf7-validates-as-required\" aria-required=\"true\" aria-invalid=\"false\" value=\"\" type=\"text\" name=\"vorname\" \/><\/span>\n<\/p>\n<p>Nom de famille\n<\/p>\n<p><span class=\"wpcf7-form-control-wrap\" data-name=\"nachname\"><input size=\"40\" maxlength=\"400\" class=\"wpcf7-form-control wpcf7-text wpcf7-validates-as-required\" aria-required=\"true\" aria-invalid=\"false\" value=\"\" type=\"text\" name=\"nachname\" \/><\/span>\n<\/p>\n<p>Adresse e-mail\n<\/p>\n<p><span class=\"wpcf7-form-control-wrap\" data-name=\"email\"><input size=\"40\" maxlength=\"400\" class=\"wpcf7-form-control wpcf7-email wpcf7-validates-as-required wpcf7-text wpcf7-validates-as-email\" aria-required=\"true\" aria-invalid=\"false\" value=\"\" type=\"email\" name=\"email\" \/><\/span>\n<\/p>\n<p>Rue et n\u00b0\n<\/p>\n<p><span class=\"wpcf7-form-control-wrap\" data-name=\"street\"><input size=\"40\" maxlength=\"400\" class=\"wpcf7-form-control wpcf7-text wpcf7-validates-as-required\" aria-required=\"true\" aria-invalid=\"false\" value=\"\" type=\"text\" name=\"street\" \/><\/span>\n<\/p>\n<p>NPA et localit\u00e9\n<\/p>\n<p><span class=\"wpcf7-form-control-wrap\" data-name=\"city\"><input size=\"40\" maxlength=\"400\" class=\"wpcf7-form-control wpcf7-text wpcf7-validates-as-required\" aria-required=\"true\" aria-invalid=\"false\" value=\"\" type=\"text\" name=\"city\" \/><\/span>\n<\/p>\n<p>Nom de l'\u00e9cole, du lyc\u00e9e ou de l'universit\u00e9\n<\/p>\n<p><span class=\"wpcf7-form-control-wrap\" data-name=\"city\"><input size=\"40\" maxlength=\"400\" class=\"wpcf7-form-control wpcf7-text wpcf7-validates-as-required\" aria-required=\"true\" aria-invalid=\"false\" value=\"\" type=\"text\" name=\"city\" \/><\/span>\n<\/p>\n<p>Comment s'appelle ton jeu vid\u00e9o?\n<\/p>\n<p><span class=\"wpcf7-form-control-wrap\" data-name=\"game-name\"><input size=\"40\" maxlength=\"400\" class=\"wpcf7-form-control wpcf7-text wpcf7-validates-as-required\" aria-required=\"true\" aria-invalid=\"false\" value=\"\" type=\"text\" name=\"game-name\" \/><\/span>\n<\/p>\n<p>Description de ton jeu vid\u00e9o\n<\/p>\n<p><span class=\"wpcf7-form-control-wrap\" data-name=\"game-description\"><textarea cols=\"40\" rows=\"10\" maxlength=\"2000\" class=\"wpcf7-form-control wpcf7-textarea wpcf7-validates-as-required\" aria-required=\"true\" aria-invalid=\"false\" name=\"game-description\"><\/textarea><\/span>\n<\/p>\n<p>Lien o\u00f9 nous pouvons acc\u00e8der ton jeu vid\u00e9o (adresse Internet ou lien pour t\u00e9lecharger comme App Store, Dropbox, Wetransfer, etc.)\n<\/p>\n<p><span class=\"wpcf7-form-control-wrap\" data-name=\"game-url\"><input size=\"40\" maxlength=\"400\" class=\"wpcf7-form-control wpcf7-url wpcf7-validates-as-required wpcf7-text wpcf7-validates-as-url\" aria-required=\"true\" aria-invalid=\"false\" value=\"\" type=\"url\" name=\"game-url\" \/><\/span>\n<\/p>\n<p>Quel programme as-tu utilis\u00e9 pour d\u00e9veloper ton jeu?\n<\/p>\n<p><span class=\"wpcf7-form-control-wrap\" data-name=\"tool\"><span class=\"wpcf7-form-control wpcf7-checkbox wpcf7-validates-as-required wpcf7-exclusive-checkbox\"><span class=\"wpcf7-list-item first\"><input type=\"checkbox\" name=\"tool\" value=\"Hopscotch\" \/><span class=\"wpcf7-list-item-label\">Hopscotch<\/span><\/span><span class=\"wpcf7-list-item\"><input type=\"checkbox\" name=\"tool\" value=\"Scratch\" \/><span class=\"wpcf7-list-item-label\">Scratch<\/span><\/span><span class=\"wpcf7-list-item\"><input type=\"checkbox\" name=\"tool\" value=\"Gamesalad\" \/><span class=\"wpcf7-list-item-label\">Gamesalad<\/span><\/span><span class=\"wpcf7-list-item\"><input type=\"checkbox\" name=\"tool\" value=\"Gamemaker\" \/><span class=\"wpcf7-list-item-label\">Gamemaker<\/span><\/span><span class=\"wpcf7-list-item\"><input type=\"checkbox\" name=\"tool\" value=\"Unity\" \/><span class=\"wpcf7-list-item-label\">Unity<\/span><\/span><span class=\"wpcf7-list-item\"><input type=\"checkbox\" name=\"tool\" value=\"Unreal Engine\" \/><span class=\"wpcf7-list-item-label\">Unreal Engine<\/span><\/span><span class=\"wpcf7-list-item\"><input type=\"checkbox\" name=\"tool\" value=\"Struckd\" \/><span class=\"wpcf7-list-item-label\">Struckd<\/span><\/span><span class=\"wpcf7-list-item last\"><input type=\"checkbox\" name=\"tool\" value=\"Autre\" \/><span class=\"wpcf7-list-item-label\">Autre<\/span><\/span><\/span><\/span>\n<\/p>\n<p>Est-ce-que tu as d\u00e9velopp\u00e9 ton jeu tout seul ou avec aide de ...\n<\/p>\n<p><span class=\"wpcf7-form-control-wrap\" data-name=\"help\"><span class=\"wpcf7-form-control wpcf7-checkbox wpcf7-validates-as-required wpcf7-exclusive-checkbox\"><span class=\"wpcf7-list-item first\"><input type=\"checkbox\" name=\"help\" value=\"non, personne (tout seul)\" \/><span class=\"wpcf7-list-item-label\">non, personne (tout seul)<\/span><\/span><span class=\"wpcf7-list-item\"><input type=\"checkbox\" name=\"help\" value=\"camarade(s) d&#039;\u00e9tudes\" \/><span class=\"wpcf7-list-item-label\">camarade(s) d&#039;\u00e9tudes<\/span><\/span><span class=\"wpcf7-list-item\"><input type=\"checkbox\" name=\"help\" value=\"mon Ma\u00eetre ou ma Ma\u00eetresse\" \/><span class=\"wpcf7-list-item-label\">mon Ma\u00eetre ou ma Ma\u00eetresse<\/span><\/span><span class=\"wpcf7-list-item\"><input type=\"checkbox\" name=\"help\" value=\"mes ami(s) ou amie(s)\" \/><span class=\"wpcf7-list-item-label\">mes ami(s) ou amie(s)<\/span><\/span><span class=\"wpcf7-list-item\"><input type=\"checkbox\" name=\"help\" value=\"mon\/ma coach\" \/><span class=\"wpcf7-list-item-label\">mon\/ma coach<\/span><\/span><span class=\"wpcf7-list-item\"><input type=\"checkbox\" name=\"help\" value=\"avec ma m\u00e8re ou mon p\u00e8re\" \/><span class=\"wpcf7-list-item-label\">avec ma m\u00e8re ou mon p\u00e8re<\/span><\/span><span class=\"wpcf7-list-item last\"><input type=\"checkbox\" name=\"help\" value=\"quelqu&#039;un d&#039;autre\" \/><span class=\"wpcf7-list-item-label\">quelqu&#039;un d&#039;autre<\/span><\/span><\/span><\/span>\n<\/p>\n<p>Musique, effets sonores, images, mod\u00e8les 3d, etc. ...\n<\/p>\n<p><span class=\"wpcf7-form-control-wrap\" data-name=\"assets\"><span class=\"wpcf7-form-control wpcf7-checkbox wpcf7-validates-as-required wpcf7-exclusive-checkbox\"><span class=\"wpcf7-list-item first\"><input type=\"checkbox\" name=\"assets\" value=\"ont \u00e9t\u00e9 cr\u00e9\u00e9s par moi\/par nous\" \/><span class=\"wpcf7-list-item-label\">ont \u00e9t\u00e9 cr\u00e9\u00e9s par moi\/par nous<\/span><\/span><span class=\"wpcf7-list-item\"><input type=\"checkbox\" name=\"assets\" value=\"ont \u00e9t\u00e9 en partie cr\u00e9\u00e9s par moi\/par nous\" \/><span class=\"wpcf7-list-item-label\">ont \u00e9t\u00e9 en partie cr\u00e9\u00e9s par moi\/par nous<\/span><\/span><span class=\"wpcf7-list-item last\"><input type=\"checkbox\" name=\"assets\" value=\"n&#039;ont pas \u00e9t\u00e9 cr\u00e9\u00e9s par moi\/par nous (copi\u00e9s depuis Internet par example)\" \/><span class=\"wpcf7-list-item-label\">n&#039;ont pas \u00e9t\u00e9 cr\u00e9\u00e9s par moi\/par nous (copi\u00e9s depuis Internet par example)<\/span><\/span><\/span><\/span>\n<\/p>\n<p><input class=\"wpcf7-form-control wpcf7-submit has-spinner\" type=\"submit\" value=\"Envoyer jeu vid\u00e9o pour le Junior Swiss Game Award\" \/>\n<\/p><p style=\"display: none !important;\" class=\"akismet-fields-container\" data-prefix=\"_wpcf7_ak_\"><label>&#916;<textarea name=\"_wpcf7_ak_hp_textarea\" cols=\"45\" rows=\"8\" maxlength=\"100\"><\/textarea><\/label><input type=\"hidden\" id=\"ak_js_1\" name=\"_wpcf7_ak_js\" value=\"204\"\/><script>document.getElementById( \"ak_js_1\" ).setAttribute( \"value\", ( new Date() ).getTime() );<\/script><\/p><div class=\"wpcf7-response-output\" aria-hidden=\"true\"><\/div>\n<\/form>\n<\/div>\n<\/p>\n","protected":false},"excerpt":{"rendered":"<p>Deutsch, Italiano,\u00a0English 2020 \u00e9dition du Junior Swiss Game Award pour jeunes cr\u00e9ateurs de jeux vid\u00e9o! Le responsable du projet doit \u00eatre un \u00e9tudiant d&#8217;une \u00e9cole, d&#8217;un lyc\u00e9e ou d&#8217;une universit\u00e9 suisse. Date limite de participation: 31 octobre 2020, 23:59 heures Remise du prix: au Numerik Games Contact pour questions<\/p>\n","protected":false},"author":1,"featured_media":0,"parent":0,"menu_order":0,"comment_status":"closed","ping_status":"open","template":"","meta":{"pmpro_default_level":"","_price":"","_stock":"","_tribe_ticket_header":"","_tribe_default_ticket_provider":"","_tribe_ticket_capacity":"0","_ticket_start_date":"","_ticket_end_date":"","_tribe_ticket_show_description":"","_tribe_ticket_show_not_going":false,"_tribe_ticket_use_global_stock":"","_tribe_ticket_global_stock_level":"","_global_stock_mode":"","_global_stock_cap":"","_tribe_rsvp_for_event":"","_tribe_ticket_going_count":"","_tribe_ticket_not_going_count":"","_tribe_tickets_list":"[]","_tribe_ticket_has_attendee_info_fields":false,"footnotes":"","_tec_slr_enabled":"","_tec_slr_layout":""},"class_list":{"0":"post-1345","1":"page","2":"type-page","3":"status-publish","5":"pmpro-has-access"},"aioseo_notices":[],"ticketed":false,"_links":{"self":[{"href":"https:\/\/www.sgda.ch\/fr\/wp-json\/wp\/v2\/pages\/1345","targetHints":{"allow":["GET"]}}],"collection":[{"href":"https:\/\/www.sgda.ch\/fr\/wp-json\/wp\/v2\/pages"}],"about":[{"href":"https:\/\/www.sgda.ch\/fr\/wp-json\/wp\/v2\/types\/page"}],"author":[{"embeddable":true,"href":"https:\/\/www.sgda.ch\/fr\/wp-json\/wp\/v2\/users\/1"}],"replies":[{"embeddable":true,"href":"https:\/\/www.sgda.ch\/fr\/wp-json\/wp\/v2\/comments?post=1345"}],"version-history":[{"count":0,"href":"https:\/\/www.sgda.ch\/fr\/wp-json\/wp\/v2\/pages\/1345\/revisions"}],"wp:attachment":[{"href":"https:\/\/www.sgda.ch\/fr\/wp-json\/wp\/v2\/media?parent=1345"}],"curies":[{"name":"wp","href":"https:\/\/api.w.org\/{rel}","templated":true}]}}