{"id":2069,"date":"2017-07-16T23:18:32","date_gmt":"2017-07-16T21:18:32","guid":{"rendered":"https:\/\/www.sgda.ch\/?page_id=2069"},"modified":"2022-02-07T16:38:46","modified_gmt":"2022-02-07T15:38:46","slug":"goenner","status":"publish","type":"page","link":"https:\/\/www.sgda.ch\/de\/goenner\/","title":{"rendered":"Werden Sie G\u00f6nner*in der SGDA"},"content":{"rendered":"<p>Die SGDA unterst\u00fctzt seit 2012 die Schweizer Spieleindustrie. Als Verband sind wir \u00fcberzeugt, dass das interaktive Medium Games zum kulturellen und wirtschaftlichen Kanon der Schweiz geh\u00f6rt. Die SGDA wird von ihren Mitgliedern getragen. Sie sind das oberste Gremium der Organisation und f\u00fcr sie steht die SGDA ein. Um mit unseren Aktivit\u00e4ten unsere Ziele zu erreichen, sind wir auf finanzielle Mittel angewiesen. Als G\u00f6nner\/in der SGDA unterst\u00fctzen Sie das Medium Games und die Spielentwickler und -entwicklerinnen in der Schweiz. Jeder Betrag, ob gross oder klein, ist eine Unterst\u00fctzung.<\/p>\n\n\n<p>&#8212;<\/p>\n\n\n\n<div class=\"rnw-widget-container\"><\/div>\n<script src=\"https:\/\/tamaro.raisenow.com\/sgda-67dd5\/latest\/widget.js\"><\/script>  \n<script>\nwindow.rnw.tamaro.runWidget('.rnw-widget-container')<\/script>\n\n","protected":false},"excerpt":{"rendered":"<p>Die SGDA unterst\u00fctzt seit 2012 die Schweizer Spieleindustrie. Als Verband sind wir \u00fcberzeugt, dass das interaktive Medium Games zum kulturellen und wirtschaftlichen Kanon der Schweiz geh\u00f6rt. Die SGDA wird von ihren Mitgliedern getragen. Sie sind das oberste Gremium der Organisation und f\u00fcr sie steht die SGDA ein. Um mit unseren Aktivit\u00e4ten unsere Ziele zu erreichen, &#8230; <a title=\"Werden Sie G\u00f6nner*in der SGDA\" class=\"read-more\" href=\"https:\/\/www.sgda.ch\/de\/goenner\/\" aria-label=\"More on Werden Sie G\u00f6nner*in der SGDA\">Read more<\/a><\/p>\n","protected":false},"author":1,"featured_media":0,"parent":0,"menu_order":0,"comment_status":"closed","ping_status":"closed","template":"","meta":{"pmpro_default_level":"","_price":"","_stock":"","_tribe_ticket_header":"","_tribe_default_ticket_provider":"","_tribe_ticket_capacity":"0","_ticket_start_date":"","_ticket_end_date":"","_tribe_ticket_show_description":"","_tribe_ticket_show_not_going":false,"_tribe_ticket_use_global_stock":"","_tribe_ticket_global_stock_level":"","_global_stock_mode":"","_global_stock_cap":"","_tribe_rsvp_for_event":"","_tribe_ticket_going_count":"","_tribe_ticket_not_going_count":"","_tribe_tickets_list":"[]","_tribe_ticket_has_attendee_info_fields":false,"footnotes":"","_tec_slr_enabled":"","_tec_slr_layout":""},"class_list":{"0":"post-2069","1":"page","2":"type-page","3":"status-publish","5":"pmpro-has-access"},"aioseo_notices":[],"ticketed":false,"_links":{"self":[{"href":"https:\/\/www.sgda.ch\/de\/wp-json\/wp\/v2\/pages\/2069","targetHints":{"allow":["GET"]}}],"collection":[{"href":"https:\/\/www.sgda.ch\/de\/wp-json\/wp\/v2\/pages"}],"about":[{"href":"https:\/\/www.sgda.ch\/de\/wp-json\/wp\/v2\/types\/page"}],"author":[{"embeddable":true,"href":"https:\/\/www.sgda.ch\/de\/wp-json\/wp\/v2\/users\/1"}],"replies":[{"embeddable":true,"href":"https:\/\/www.sgda.ch\/de\/wp-json\/wp\/v2\/comments?post=2069"}],"version-history":[{"count":0,"href":"https:\/\/www.sgda.ch\/de\/wp-json\/wp\/v2\/pages\/2069\/revisions"}],"wp:attachment":[{"href":"https:\/\/www.sgda.ch\/de\/wp-json\/wp\/v2\/media?parent=2069"}],"curies":[{"name":"wp","href":"https:\/\/api.w.org\/{rel}","templated":true}]}}