{"id":1398,"date":"2016-10-28T11:53:24","date_gmt":"2016-10-28T09:53:24","guid":{"rendered":"https:\/\/www.sgda.ch\/?page_id=1398"},"modified":"2016-11-07T16:31:49","modified_gmt":"2016-11-07T14:31:49","slug":"sgda-und-igda","status":"publish","type":"page","link":"https:\/\/www.sgda.ch\/de\/sgda-und-igda\/","title":{"rendered":"SGDA und IGDA"},"content":{"rendered":"<h1><b>SGDA und IGDA<\/b><\/h1>\n<p><span style=\"font-weight: 400;\">Um die Aktivit\u00e4ten der SGDA als politische und rechtliche Repr\u00e4sentantin der Spieleentwicklung in der Schweiz zu erg\u00e4nzen, arbeitet der Verein eng mit der International Game Developers Association (IGDA) zusammen. Die Zusammenarbeit f\u00f6rdert den Kontakt mit der internationalen Gemeinschaft der Spieleentwicklerinnen und -entwickler und erm\u00f6glicht die Organisation von Community-Events unter der \u00c4gide des <\/span><b>IGDA Switzerland Chapter<\/b><span style=\"font-weight: 400;\">. <\/span><\/p>\n<h2><b>Was ist das IGDA Switzerland Chapter?<\/b><\/h2>\n<p><span style=\"font-weight: 400;\">Die <\/span><a href=\"http:\/\/www.igda.org\/\" target=\"_blank\"><span style=\"font-weight: 400;\">IGDA<\/span><\/a><span style=\"font-weight: 400;\"> ist die weltweit gr\u00f6sste gemeinn\u00fctzige Organisation, die f\u00fcr die Industrie der Spieleentwicklerinnen und -entwickler eintritt. Das IGDA Switzerland Chapter \u2014 koordiniert von Chris Solarski \u2014 ist eines von \u00fcber 90 Chapters weltweit, die durch Community-Events, Interessenvertretungen und Stipendienprogramme vom Wissens- und Kulturaustausch profitieren. Schweizer Spieleentwicklerinnen und -entwicklern wird empfohlen, sowohl der <\/span><a href=\"https:\/\/www.sgda.ch\/de\/vorteile-mitgliedschaft\/\"><span style=\"font-weight: 400;\">SGDA<\/span><\/a><span style=\"font-weight: 400;\"> als auch der <\/span><a href=\"http:\/\/www.igda.org\/?page=benefits\" target=\"_blank\"><span style=\"font-weight: 400;\">IGDA<\/span><\/a><span style=\"font-weight: 400;\"> beizutreten, um sowohl in der Schweiz als auch im Ausland von der Unterst\u00fctzung der Industrie zu profitieren.<\/span><\/p>\n<p><span style=\"font-weight: 400;\">Das IGDA Switzerland Chapter tr\u00e4gt durch die lokale Adaption globaler Initiativen der IGDA massgeblich zur Meet-Up-Szene bei:<\/span><\/p>\n<ul>\n<li style=\"font-weight: 400;\"><span style=\"font-weight: 400;\">Fungiert als internationaler Kontaktpunkt f\u00fcr Entwicklerinnen und Entwickler ausserhalb der Schweiz durch die Organisation von Pr\u00e4sentationsabenden, welche die Aktivit\u00e4ten der lokalen Entwicklerszene aufzeigen<\/span><\/li>\n<li style=\"font-weight: 400;\"><span style=\"font-weight: 400;\">F\u00f6rdert <\/span><a href=\"http:\/\/scholars.igda.org\/\" target=\"_blank\"><span style=\"font-weight: 400;\">IGDA-Stipendien<\/span><\/a><span style=\"font-weight: 400;\"> f\u00fcr Absolventen und Studenten von Spieleentwicklungs-Lehrg\u00e4ngen, damit diese an internationalen Veranstaltungen wie die GDC San Francisco oder die Tokyo Game Show teilnehmen k\u00f6nnen <\/span><\/li>\n<li style=\"font-weight: 400;\"><span style=\"font-weight: 400;\">Organisiert Game Jams, die von internationalen IGDA Chapters initiiert werden \u2014 wie z.B. der <\/span><a href=\"http:\/\/fgj.igda.jp\/\" target=\"_blank\"><span style=\"font-weight: 400;\">Fukushima Game Jam<\/span><\/a><span style=\"font-weight: 400;\">, der von der IGDA Japan abgehalten wird<\/span><\/li>\n<li style=\"font-weight: 400;\"><span style=\"font-weight: 400;\">Sensibilisiert f\u00fcr das <\/span><a href=\"http:\/\/summit.igda.org\/\" target=\"_blank\"><span style=\"font-weight: 400;\">IGDA Leadership Summit<\/span><\/a><span style=\"font-weight: 400;\"> \u2014 der gr\u00f6sste Community-Event der IGDA \u2014 als auch f\u00fcr andere Initiativen der IGDA<\/span><\/li>\n<li style=\"font-weight: 400;\"><span style=\"font-weight: 400;\">F\u00f6rdert den Kontakt mit internationalen Chapters (<\/span><a href=\"http:\/\/www.igda.org\/?page=chaptersprofessional\" target=\"_blank\"><span style=\"font-weight: 400;\">vollst\u00e4ndige Liste der Chapters<\/span><\/a><span style=\"font-weight: 400;\">) und l\u00e4dt Delegierte der IGDA dazu ein, Vortr\u00e4ge f\u00fcr Schweizer Entwicklungsstudios und Bildungseinrichtungen zu halten<\/span><\/li>\n<\/ul>\n<p><span style=\"font-weight: 400;\">Eine vollst\u00e4ndige Liste der Vorteile f\u00fcr die Mitglieder der IGDA finden Sie <\/span><a href=\"http:\/\/www.igda.org\/?page=benefits\" target=\"_blank\"><span style=\"font-weight: 400;\">hier<\/span><\/a><span style=\"font-weight: 400;\">.<\/span><\/p>\n<p><a href=\"http:\/\/www.igda.org\/group\/Switzerland\" target=\"_blank\"><span style=\"font-weight: 400;\">Die offizielle Gruppenseite der internationalen Organisation: Switzerland Chapter<\/span><\/a><\/p>\n<p><a href=\"https:\/\/www.facebook.com\/groups\/83589921374\/\" target=\"_blank\"><span style=\"font-weight: 400;\">Die Facebook-Seite der IGDA Schweiz <\/span><\/a><\/p>\n<h2><b>Chris Solarski, Koordinator des IGDA Switzerland Chapter<\/b><\/h2>\n<p><span style=\"font-weight: 400;\"><img decoding=\"async\" class=\" wp-image-496 alignleft\" src=\"http:\/\/www.sgda.ch\/wp-content\/uploads\/2015\/11\/Chris_Solarski_Portrait_Round.png\" alt=\"Chris_Solarski_Portrait_Round\" width=\"139\" height=\"139\" \/>Chris Solarski ist ein K\u00fcnstler, Game Designer und Autor des Buches <\/span><i><span style=\"font-weight: 400;\">Drawing Basics and Video Game Art: Classic to Cutting Edge Art Techniques for Winning Video Game Design<\/span><\/i><span style=\"font-weight: 400;\"> (Watson-Guptill 2012) \u2014 welches ins Japanische und Koreanische \u00fcbersetzt wurde. Sein Werk untersucht die Schnittpunkte zwischen den digitalen Spielen, der klassischen Kunst und dem Film, um besser zu verstehen, wie Interaktion die Art ver\u00e4ndert hat, wie wir Bilder interpretieren und uns mit diesen auseinandersetzen. Sein spezieller Fokus liegt dabei auf der Adaption von Techniken, die Designerinnen und Designer dabei helfen, komplexe Erz\u00e4hlstr\u00e4nge und Emotionen in Games zu vermitteln. Chris hat an vielen internationalen Veranstaltungen Vortr\u00e4ge gehalten, wie z.B. an der Ausstellung <\/span><i><span style=\"font-weight: 400;\">The Art of Video Games<\/span><\/i><span style=\"font-weight: 400;\"> im Smithsonian Museum, GDC Europe, SXSW, UCLA Game Lab, USC Interactive Media Division, NYU Game Center und FMX Stuttgart. Zurzeit arbeitet er an einem Game-Projekt f\u00fcr sein <\/span><a href=\"http:\/\/solarskistudio.com\/\" target=\"_blank\"><span style=\"font-weight: 400;\">Solarski Studio<\/span><\/a><span style=\"font-weight: 400;\"> und schreibt an seinem zweiten Buch.<\/span><\/p>\n","protected":false},"excerpt":{"rendered":"<p>SGDA und IGDA Um die Aktivit\u00e4ten der SGDA als politische und rechtliche Repr\u00e4sentantin der Spieleentwicklung in der Schweiz zu erg\u00e4nzen, arbeitet der Verein eng mit der International Game Developers Association (IGDA) zusammen. Die Zusammenarbeit f\u00f6rdert den Kontakt mit der internationalen Gemeinschaft der Spieleentwicklerinnen und -entwickler und erm\u00f6glicht die Organisation von Community-Events unter der \u00c4gide des &#8230; <a title=\"SGDA und IGDA\" class=\"read-more\" href=\"https:\/\/www.sgda.ch\/de\/sgda-und-igda\/\" aria-label=\"More on SGDA und IGDA\">Read more<\/a><\/p>\n","protected":false},"author":1,"featured_media":0,"parent":0,"menu_order":0,"comment_status":"closed","ping_status":"open","template":"","meta":{"pmpro_default_level":"","_price":"","_stock":"","_tribe_ticket_header":"","_tribe_default_ticket_provider":"","_tribe_ticket_capacity":"0","_ticket_start_date":"","_ticket_end_date":"","_tribe_ticket_show_description":"","_tribe_ticket_show_not_going":false,"_tribe_ticket_use_global_stock":"","_tribe_ticket_global_stock_level":"","_global_stock_mode":"","_global_stock_cap":"","_tribe_rsvp_for_event":"","_tribe_ticket_going_count":"","_tribe_ticket_not_going_count":"","_tribe_tickets_list":"[]","_tribe_ticket_has_attendee_info_fields":false,"footnotes":"","_tec_slr_enabled":"","_tec_slr_layout":""},"class_list":{"0":"post-1398","1":"page","2":"type-page","3":"status-publish","5":"pmpro-has-access"},"aioseo_notices":[],"ticketed":false,"_links":{"self":[{"href":"https:\/\/www.sgda.ch\/de\/wp-json\/wp\/v2\/pages\/1398","targetHints":{"allow":["GET"]}}],"collection":[{"href":"https:\/\/www.sgda.ch\/de\/wp-json\/wp\/v2\/pages"}],"about":[{"href":"https:\/\/www.sgda.ch\/de\/wp-json\/wp\/v2\/types\/page"}],"author":[{"embeddable":true,"href":"https:\/\/www.sgda.ch\/de\/wp-json\/wp\/v2\/users\/1"}],"replies":[{"embeddable":true,"href":"https:\/\/www.sgda.ch\/de\/wp-json\/wp\/v2\/comments?post=1398"}],"version-history":[{"count":0,"href":"https:\/\/www.sgda.ch\/de\/wp-json\/wp\/v2\/pages\/1398\/revisions"}],"wp:attachment":[{"href":"https:\/\/www.sgda.ch\/de\/wp-json\/wp\/v2\/media?parent=1398"}],"curies":[{"name":"wp","href":"https:\/\/api.w.org\/{rel}","templated":true}]}}