{"id":1357,"date":"2016-10-28T11:08:34","date_gmt":"2016-10-28T09:08:34","guid":{"rendered":"https:\/\/www.sgda.ch\/?page_id=1357"},"modified":"2024-11-01T13:12:28","modified_gmt":"2024-11-01T12:12:28","slug":"uber-die-sgda","status":"publish","type":"page","link":"https:\/\/www.sgda.ch\/de\/","title":{"rendered":"Wir vernetzen und repr\u00e4sentieren Spieleentwicklerinnen und -entwickler in der Schweiz."},"content":{"rendered":"<h2>Die SGDA in K\u00fcrze<\/h2>\n<p><span style=\"font-weight: 400;\">Die unabh\u00e4ngige Swiss Game Developers Association (SGDA) ist ein von seinen Mitgliedern getragener Verein und F\u00fcrsprecherin der Schweizer Spieleentwicklerinnen und -entwickler. Die Ziele der gemeinn\u00fctzigen Organisation sind ein unterst\u00fctzendes politisches Umfeld, eine Professionalisierung durch die F\u00f6rderung von Fachkenntnissen und jungen Talenten sowie eine erh\u00f6hte Visibilit\u00e4t einer starken Schweizer Spieleindustrie. Im Rahmen der <a href=\"https:\/\/gamesweekzurich.org\">Gamesweek Zurich<\/a> veranstaltet die SGDA die \u00ab<a href=\"https:\/\/swissgameawards.ch\">Swiss Game Awards<\/a>\u00bb, die Schweizer Innovation in digitalen Spielen ehren.<\/span><\/p>\n\n\n<div style=\"height:30px\" aria-hidden=\"true\" class=\"wp-block-spacer\"><\/div>\n\n\n\n<hr class=\"wp-block-separator has-alpha-channel-opacity\"\/>\n\n\n\n<div style=\"height:15px\" aria-hidden=\"true\" class=\"wp-block-spacer\"><\/div>\n\n\n\n<h2 class=\"wp-block-heading\">SGDA Swiss Game Awards 2024<\/h2>\n\n\n\n<p>Die SGDA Swiss Game Awards (SWIGA) ist der Spieleentwickler- und Spieleentwicklerinnenpreis der Schweiz. Mit ihm werden herausragende Projekte ausgezeichnet, die die Schweizer Gamebranche ins Rampenlicht ger\u00fcckt haben.<\/p>\n\n\n\n<p>Die SGDA vergibt den Schweizer Branchenpreis seit 2013, um Schweizer Spitzenleistungen im Bereich Games zu w\u00fcrdigen.<\/p>\n\n\n\n<div class=\"wp-block-buttons is-layout-flex wp-block-buttons-is-layout-flex\">\n<div class=\"wp-block-button\"><a class=\"wp-block-button__link wp-element-button\" href=\"https:\/\/www.sgda.ch\/de\/swiss-game-awards\/\">Swiss Game Awards (EN)<\/a><\/div>\n<\/div>\n\n\n\n<div style=\"height:15px\" aria-hidden=\"true\" class=\"wp-block-spacer\"><\/div>\n\n\n\n<hr class=\"wp-block-separator has-alpha-channel-opacity\"\/>\n\n\n\n<div style=\"height:15px\" aria-hidden=\"true\" class=\"wp-block-spacer\"><\/div>\n\n\n\n<h2 class=\"wp-block-heading\">Safe Games Plattform<\/h2>\n\n\n\n<p>Safe Games ist eine Initiative der Swiss Game Developers Association SGDA. Safe Games ist eine Plattform, auf der Informationen und Hilfsmittel zu verschiedenen Aspekten der Sicherheit rund um Games zur Verf\u00fcgung stehen.<\/p>\n\n\n\n<div class=\"wp-block-buttons is-layout-flex wp-block-buttons-is-layout-flex\">\n<div class=\"wp-block-button\"><a class=\"wp-block-button__link wp-element-button\" href=\"https:\/\/www.safegames.ch\/\">Safe Games Plattform<\/a><\/div>\n<\/div>\n\n\n\n<div style=\"height:15px\" aria-hidden=\"true\" class=\"wp-block-spacer\"><\/div>\n\n\n\n<hr class=\"wp-block-separator has-alpha-channel-opacity\"\/>\n\n\n\n<div style=\"height:30px\" aria-hidden=\"true\" class=\"wp-block-spacer\"><\/div>\n\n\n\n<h2 class=\"wp-block-heading\">Gamesweek Zurich<\/h2>\n\n\n\n<p>Die Gamesweek Z\u00fcrich, das \u00fcberregionale Spielefestival der Schweiz, fand vom 9. bis 19. November 2023 statt. Entdecken Sie jetzt das reichhaltige und vielf\u00e4ltige Programm.<\/p>\n\n\n\n<div class=\"wp-block-buttons is-layout-flex wp-block-buttons-is-layout-flex\">\n<div class=\"wp-block-button\"><a class=\"wp-block-button__link wp-element-button\" href=\"https:\/\/www.gamesweekzurich.org\/festivalprogramm-2023\/\">Spielfestival 2023<\/a><\/div>\n<\/div>\n\n\n\n<div style=\"height:30px\" aria-hidden=\"true\" class=\"wp-block-spacer\"><\/div>\n\n\n\n<h2 class=\"wp-block-heading\">Gamesweek Zurich | The Conference<\/h2>\n\n\n\n<p>Die internationale Konferenz fand am 16.\/17. November 2023 in Z\u00fcrich statt: die einzige Konferenz der Schweiz, die Spieleentwickler*innen, Vertreter*innen aus Industrie und Verwaltung, sowie politische Entscheidungstr\u00e4ger und Investoren zusammenbringt. Die Konferenz bietet den Teilnehmenden ein umfangreiches und vielf\u00e4ltiges Programm, einschliesslich pers\u00f6nlichen Treffen, Networking-Ap\u00e9ros und die Verleihung der Swiss Game Awards.<\/p>\n\n\n\n<div class=\"wp-block-buttons is-layout-flex wp-block-buttons-is-layout-flex\">\n<div class=\"wp-block-button\"><a class=\"wp-block-button__link wp-element-button\" href=\"https:\/\/www.gamesweekzurich.org\/en\/impressions-of-the-conference-2023\/\">Impressionen 2023<\/a><\/div>\n<\/div>\n\n\n\n<div class=\"wp-block-buttons is-layout-flex wp-block-buttons-is-layout-flex\">\n<div class=\"wp-block-button\"><a class=\"wp-block-button__link wp-element-button\" href=\"https:\/\/www.gamesweekzurich.org\/en\/conference-programme\/\">Konferenzprogramm 2023 (EN)<\/a><\/div>\n<\/div>\n\n\n\n<div style=\"height:30px\" aria-hidden=\"true\" class=\"wp-block-spacer\"><\/div>\n","protected":false},"excerpt":{"rendered":"<p>Die SGDA in K\u00fcrze Die unabh\u00e4ngige Swiss Game Developers Association (SGDA) ist ein von seinen Mitgliedern getragener Verein und F\u00fcrsprecherin der Schweizer Spieleentwicklerinnen und -entwickler. Die Ziele der gemeinn\u00fctzigen Organisation sind ein unterst\u00fctzendes politisches Umfeld, eine Professionalisierung durch die F\u00f6rderung von Fachkenntnissen und jungen Talenten sowie eine erh\u00f6hte Visibilit\u00e4t einer starken Schweizer Spieleindustrie. Im Rahmen &#8230; <a title=\"Wir vernetzen und repr\u00e4sentieren Spieleentwicklerinnen und -entwickler in der Schweiz.\" class=\"read-more\" href=\"https:\/\/www.sgda.ch\/de\/\" aria-label=\"More on Wir vernetzen und repr\u00e4sentieren Spieleentwicklerinnen und -entwickler in der Schweiz.\">Read more<\/a><\/p>\n","protected":false},"author":1,"featured_media":0,"parent":0,"menu_order":0,"comment_status":"closed","ping_status":"open","template":"","meta":{"pmpro_default_level":"","_price":"","_stock":"","_tribe_ticket_header":"","_tribe_default_ticket_provider":"","_tribe_ticket_capacity":"0","_ticket_start_date":"","_ticket_end_date":"","_tribe_ticket_show_description":"","_tribe_ticket_show_not_going":false,"_tribe_ticket_use_global_stock":"","_tribe_ticket_global_stock_level":"","_global_stock_mode":"","_global_stock_cap":"","_tribe_rsvp_for_event":"","_tribe_ticket_going_count":"","_tribe_ticket_not_going_count":"","_tribe_tickets_list":"[]","_tribe_ticket_has_attendee_info_fields":false,"footnotes":"","_tec_slr_enabled":"","_tec_slr_layout":""},"class_list":{"0":"post-1357","1":"page","2":"type-page","3":"status-publish","5":"pmpro-has-access"},"aioseo_notices":[],"ticketed":false,"_links":{"self":[{"href":"https:\/\/www.sgda.ch\/de\/wp-json\/wp\/v2\/pages\/1357","targetHints":{"allow":["GET"]}}],"collection":[{"href":"https:\/\/www.sgda.ch\/de\/wp-json\/wp\/v2\/pages"}],"about":[{"href":"https:\/\/www.sgda.ch\/de\/wp-json\/wp\/v2\/types\/page"}],"author":[{"embeddable":true,"href":"https:\/\/www.sgda.ch\/de\/wp-json\/wp\/v2\/users\/1"}],"replies":[{"embeddable":true,"href":"https:\/\/www.sgda.ch\/de\/wp-json\/wp\/v2\/comments?post=1357"}],"version-history":[{"count":17,"href":"https:\/\/www.sgda.ch\/de\/wp-json\/wp\/v2\/pages\/1357\/revisions"}],"predecessor-version":[{"id":16150,"href":"https:\/\/www.sgda.ch\/de\/wp-json\/wp\/v2\/pages\/1357\/revisions\/16150"}],"wp:attachment":[{"href":"https:\/\/www.sgda.ch\/de\/wp-json\/wp\/v2\/media?parent=1357"}],"curies":[{"name":"wp","href":"https:\/\/api.w.org\/{rel}","templated":true}]}}